{"id":19948,"date":"2024-07-12T10:50:08","date_gmt":"2024-07-12T09:50:08","guid":{"rendered":"https:\/\/cecotec.es\/cecorent\/?post_type=product&#038;p=19948"},"modified":"2025-05-27T18:05:19","modified_gmt":"2025-05-27T16:05:19","slug":"hydroboost-3200-totalclean","status":"publish","type":"product","link":"https:\/\/cecotec.es\/cecorent\/hydroboost-3200-totalclean\/","title":{"rendered":"HydroBoost 3200 TotalClean"},"content":{"rendered":"<ul>\n<li>Gran potencia de 3200 W para limpiar de manera r\u00e1pida y eficiente.<\/li>\n<li>Motor brushless.<\/li>\n<li>M\u00e1xima presi\u00f3n admitida de 225 bares.<\/li>\n<li>M\u00e1ximo caudal de 540 litros \/ hora para limpiar una mayor superficie en menos tiempo.<\/li>\n<li>Bomba HardPump de aluminio de gran fiabilidad que permite un elevado tiempo de uso.<\/li>\n<li>Facilidad de transporte gracias a su asa de transporte y su reducido peso.<\/li>\n<li>Pistola reguladora de presi\u00f3n.<\/li>\n<li>Pistola ergon\u00f3mica para limpiar de manera c\u00f3moda y segura gracias a su sistema de bloqueo de gatillo BS.block.<\/li>\n<li>Botella regulable para jab\u00f3n.<\/li>\n<li>Cepillo limpiador especial para ruedas.<\/li>\n<li>Manguera enrollable.<\/li>\n<\/ul>\n","protected":false},"excerpt":{"rendered":"<ul>\n<li>Boquilla 3DTurboFlip.<\/li>\n<li>Botella regulable para el jab\u00f3n.<\/li>\n<li>Cargador.<\/li>\n<li>Cepillo especial para llantas (Cepillo gris ovalado).<\/li>\n<li>Cepillo para esquinas (cepillo blanco).<\/li>\n<li>Filtro anti impurezas.<\/li>\n<li>Hidrolimpiadora.<\/li>\n<li>Lanza pl\u00e1stica.<\/li>\n<li>Manguera de alta presi\u00f3n 8 metros.<\/li>\n<li>Manual de instrucciones.<\/li>\n<li>Patio cleaner(Accesorio para suelo) (cepillo circular n\u00ba1).<\/li>\n<li>Pistola de alta presi\u00f3n<\/li>\n<\/ul>\n","protected":false},"featured_media":19949,"template":"","meta":{"content-type":""},"product_brand":[],"product_cat":[232],"product_tag":[],"class_list":{"0":"post-19948","1":"product","2":"type-product","3":"status-publish","4":"has-post-thumbnail","6":"product_cat-hidrolimpiadoras","8":"first","9":"outofstock","10":"shipping-taxable","11":"purchasable","12":"product-type-simple"},"acf":[],"yoast_head":"<!-- This site is optimized with the Yoast SEO plugin v23.4 - https:\/\/yoast.com\/wordpress\/plugins\/seo\/ -->\n<title>Alquiler de HydroBoost 3200 TotalClean | CecoRent by Cecotec<\/title>\n<meta name=\"description\" content=\"Disponible el alquiler de HydroBoost 3200 TotalClean de Cecotec. Alquiler y suscripci\u00f3n con env\u00edo gratuito para toda la Pen\u00ednsula. \u00a1Mejora tu vida con Cecorent hoy!\" \/>\n<meta name=\"robots\" content=\"index, follow, max-snippet:-1, max-image-preview:large, max-video-preview:-1\" \/>\n<link rel=\"canonical\" href=\"https:\/\/cecotec.es\/cecorent\/hydroboost-3200-totalclean\/\" \/>\n<meta property=\"og:locale\" content=\"es_ES\" \/>\n<meta property=\"og:type\" content=\"article\" \/>\n<meta property=\"og:title\" content=\"Alquiler de HydroBoost 3200 TotalClean | CecoRent by Cecotec\" \/>\n<meta property=\"og:description\" content=\"Disponible el alquiler de HydroBoost 3200 TotalClean de Cecotec. Alquiler y suscripci\u00f3n con env\u00edo gratuito para toda la Pen\u00ednsula. \u00a1Mejora tu vida con Cecorent hoy!\" \/>\n<meta property=\"og:url\" content=\"https:\/\/cecotec.es\/cecorent\/hydroboost-3200-totalclean\/\" \/>\n<meta property=\"og:site_name\" content=\"CecoRent\" \/>\n<meta property=\"article:modified_time\" content=\"2025-05-27T16:05:19+00:00\" \/>\n<meta property=\"og:image\" content=\"https:\/\/cecotec.es\/cecorent\/wp-content\/uploads\/2024\/07\/image-7.png\" \/>\n\t<meta property=\"og:image:width\" content=\"640\" \/>\n\t<meta property=\"og:image:height\" content=\"640\" \/>\n\t<meta property=\"og:image:type\" content=\"image\/png\" \/>\n<meta name=\"twitter:card\" content=\"summary_large_image\" \/>\n<meta name=\"twitter:label1\" content=\"Tiempo de lectura\" \/>\n\t<meta name=\"twitter:data1\" content=\"1 minuto\" \/>\n<script type=\"application\/ld+json\" class=\"yoast-schema-graph\">{\"@context\":\"https:\/\/schema.org\",\"@graph\":[{\"@type\":\"WebPage\",\"@id\":\"https:\/\/cecotec.es\/cecorent\/hydroboost-3200-totalclean\/\",\"url\":\"https:\/\/cecotec.es\/cecorent\/hydroboost-3200-totalclean\/\",\"name\":\"Alquiler de HydroBoost 3200 TotalClean | CecoRent by Cecotec\",\"isPartOf\":{\"@id\":\"https:\/\/cecotec.es\/cecorent\/#website\"},\"primaryImageOfPage\":{\"@id\":\"https:\/\/cecotec.es\/cecorent\/hydroboost-3200-totalclean\/#primaryimage\"},\"image\":{\"@id\":\"https:\/\/cecotec.es\/cecorent\/hydroboost-3200-totalclean\/#primaryimage\"},\"thumbnailUrl\":\"https:\/\/cecotec.es\/cecorent\/wp-content\/uploads\/2024\/07\/image-7.png\",\"datePublished\":\"2024-07-12T09:50:08+00:00\",\"dateModified\":\"2025-05-27T16:05:19+00:00\",\"description\":\"Disponible el alquiler de HydroBoost 3200 TotalClean de Cecotec. Alquiler y suscripci\u00f3n con env\u00edo gratuito para toda la Pen\u00ednsula. \u00a1Mejora tu vida con Cecorent hoy!\",\"breadcrumb\":{\"@id\":\"https:\/\/cecotec.es\/cecorent\/hydroboost-3200-totalclean\/#breadcrumb\"},\"inLanguage\":\"es\",\"potentialAction\":[{\"@type\":\"ReadAction\",\"target\":[\"https:\/\/cecotec.es\/cecorent\/hydroboost-3200-totalclean\/\"]}]},{\"@type\":\"ImageObject\",\"inLanguage\":\"es\",\"@id\":\"https:\/\/cecotec.es\/cecorent\/hydroboost-3200-totalclean\/#primaryimage\",\"url\":\"https:\/\/cecotec.es\/cecorent\/wp-content\/uploads\/2024\/07\/image-7.png\",\"contentUrl\":\"https:\/\/cecotec.es\/cecorent\/wp-content\/uploads\/2024\/07\/image-7.png\",\"width\":640,\"height\":640,\"caption\":\"HydroBoost 3200 TotalClean\"},{\"@type\":\"BreadcrumbList\",\"@id\":\"https:\/\/cecotec.es\/cecorent\/hydroboost-3200-totalclean\/#breadcrumb\",\"itemListElement\":[{\"@type\":\"ListItem\",\"position\":1,\"name\":\"Inicio\",\"item\":\"https:\/\/cecotec.es\/cecorent\/\"},{\"@type\":\"ListItem\",\"position\":2,\"name\":\"Tienda\",\"item\":\"https:\/\/cecotec.es\/cecorent\/tienda\/\"},{\"@type\":\"ListItem\",\"position\":3,\"name\":\"Alquiler\",\"item\":\"https:\/\/cecorent.cecotec.es\/cecorent\/alquiler\/\"},{\"@type\":\"ListItem\",\"position\":4,\"name\":\"Aspiradores\",\"item\":\"https:\/\/cecorent.cecotec.es\/cecorent\/aspiracion\/\"},{\"@type\":\"ListItem\",\"position\":5,\"name\":\"Hidrolimpiadoras\",\"item\":\"https:\/\/cecotec.es\/cecorent\/hidrolimpiadoras\/\"},{\"@type\":\"ListItem\",\"position\":6,\"name\":\"HydroBoost 3200 TotalClean\"}]},{\"@type\":\"WebSite\",\"@id\":\"https:\/\/cecotec.es\/cecorent\/#website\",\"url\":\"https:\/\/cecotec.es\/cecorent\/\",\"name\":\"CecoRent\",\"description\":\"CecoRent\",\"publisher\":{\"@id\":\"https:\/\/cecotec.es\/cecorent\/#organization\"},\"potentialAction\":[{\"@type\":\"SearchAction\",\"target\":{\"@type\":\"EntryPoint\",\"urlTemplate\":\"https:\/\/cecotec.es\/cecorent\/?s={search_term_string}\"},\"query-input\":{\"@type\":\"PropertyValueSpecification\",\"valueRequired\":true,\"valueName\":\"search_term_string\"}}],\"inLanguage\":\"es\"},{\"@type\":\"Organization\",\"@id\":\"https:\/\/cecotec.es\/cecorent\/#organization\",\"name\":\"CecoRent\",\"url\":\"https:\/\/cecotec.es\/cecorent\/\",\"logo\":{\"@type\":\"ImageObject\",\"inLanguage\":\"es\",\"@id\":\"https:\/\/cecotec.es\/cecorent\/#\/schema\/logo\/image\/\",\"url\":\"https:\/\/cecotec.es\/cecorent\/wp-content\/uploads\/2022\/07\/CECORENT.png\",\"contentUrl\":\"https:\/\/cecotec.es\/cecorent\/wp-content\/uploads\/2022\/07\/CECORENT.png\",\"width\":184,\"height\":24,\"caption\":\"CecoRent\"},\"image\":{\"@id\":\"https:\/\/cecotec.es\/cecorent\/#\/schema\/logo\/image\/\"}}]}<\/script>\n<!-- \/ Yoast SEO plugin. -->","yoast_head_json":{"title":"Alquiler de HydroBoost 3200 TotalClean | CecoRent by Cecotec","description":"Disponible el alquiler de HydroBoost 3200 TotalClean de Cecotec. Alquiler y suscripci\u00f3n con env\u00edo gratuito para toda la Pen\u00ednsula. \u00a1Mejora tu vida con Cecorent hoy!","robots":{"index":"index","follow":"follow","max-snippet":"max-snippet:-1","max-image-preview":"max-image-preview:large","max-video-preview":"max-video-preview:-1"},"canonical":"https:\/\/cecotec.es\/cecorent\/hydroboost-3200-totalclean\/","og_locale":"es_ES","og_type":"article","og_title":"Alquiler de HydroBoost 3200 TotalClean | CecoRent by Cecotec","og_description":"Disponible el alquiler de HydroBoost 3200 TotalClean de Cecotec. Alquiler y suscripci\u00f3n con env\u00edo gratuito para toda la Pen\u00ednsula. \u00a1Mejora tu vida con Cecorent hoy!","og_url":"https:\/\/cecotec.es\/cecorent\/hydroboost-3200-totalclean\/","og_site_name":"CecoRent","article_modified_time":"2025-05-27T16:05:19+00:00","og_image":[{"width":640,"height":640,"url":"https:\/\/cecotec.es\/cecorent\/wp-content\/uploads\/2024\/07\/image-7.png","type":"image\/png"}],"twitter_card":"summary_large_image","twitter_misc":{"Tiempo de lectura":"1 minuto"},"schema":{"@context":"https:\/\/schema.org","@graph":[{"@type":"WebPage","@id":"https:\/\/cecotec.es\/cecorent\/hydroboost-3200-totalclean\/","url":"https:\/\/cecotec.es\/cecorent\/hydroboost-3200-totalclean\/","name":"Alquiler de HydroBoost 3200 TotalClean | CecoRent by Cecotec","isPartOf":{"@id":"https:\/\/cecotec.es\/cecorent\/#website"},"primaryImageOfPage":{"@id":"https:\/\/cecotec.es\/cecorent\/hydroboost-3200-totalclean\/#primaryimage"},"image":{"@id":"https:\/\/cecotec.es\/cecorent\/hydroboost-3200-totalclean\/#primaryimage"},"thumbnailUrl":"https:\/\/cecotec.es\/cecorent\/wp-content\/uploads\/2024\/07\/image-7.png","datePublished":"2024-07-12T09:50:08+00:00","dateModified":"2025-05-27T16:05:19+00:00","description":"Disponible el alquiler de HydroBoost 3200 TotalClean de Cecotec. Alquiler y suscripci\u00f3n con env\u00edo gratuito para toda la Pen\u00ednsula. \u00a1Mejora tu vida con Cecorent hoy!","breadcrumb":{"@id":"https:\/\/cecotec.es\/cecorent\/hydroboost-3200-totalclean\/#breadcrumb"},"inLanguage":"es","potentialAction":[{"@type":"ReadAction","target":["https:\/\/cecotec.es\/cecorent\/hydroboost-3200-totalclean\/"]}]},{"@type":"ImageObject","inLanguage":"es","@id":"https:\/\/cecotec.es\/cecorent\/hydroboost-3200-totalclean\/#primaryimage","url":"https:\/\/cecotec.es\/cecorent\/wp-content\/uploads\/2024\/07\/image-7.png","contentUrl":"https:\/\/cecotec.es\/cecorent\/wp-content\/uploads\/2024\/07\/image-7.png","width":640,"height":640,"caption":"HydroBoost 3200 TotalClean"},{"@type":"BreadcrumbList","@id":"https:\/\/cecotec.es\/cecorent\/hydroboost-3200-totalclean\/#breadcrumb","itemListElement":[{"@type":"ListItem","position":1,"name":"Inicio","item":"https:\/\/cecotec.es\/cecorent\/"},{"@type":"ListItem","position":2,"name":"Tienda","item":"https:\/\/cecotec.es\/cecorent\/tienda\/"},{"@type":"ListItem","position":3,"name":"Alquiler","item":"https:\/\/cecorent.cecotec.es\/cecorent\/alquiler\/"},{"@type":"ListItem","position":4,"name":"Aspiradores","item":"https:\/\/cecorent.cecotec.es\/cecorent\/aspiracion\/"},{"@type":"ListItem","position":5,"name":"Hidrolimpiadoras","item":"https:\/\/cecotec.es\/cecorent\/hidrolimpiadoras\/"},{"@type":"ListItem","position":6,"name":"HydroBoost 3200 TotalClean"}]},{"@type":"WebSite","@id":"https:\/\/cecotec.es\/cecorent\/#website","url":"https:\/\/cecotec.es\/cecorent\/","name":"CecoRent","description":"CecoRent","publisher":{"@id":"https:\/\/cecotec.es\/cecorent\/#organization"},"potentialAction":[{"@type":"SearchAction","target":{"@type":"EntryPoint","urlTemplate":"https:\/\/cecotec.es\/cecorent\/?s={search_term_string}"},"query-input":{"@type":"PropertyValueSpecification","valueRequired":true,"valueName":"search_term_string"}}],"inLanguage":"es"},{"@type":"Organization","@id":"https:\/\/cecotec.es\/cecorent\/#organization","name":"CecoRent","url":"https:\/\/cecotec.es\/cecorent\/","logo":{"@type":"ImageObject","inLanguage":"es","@id":"https:\/\/cecotec.es\/cecorent\/#\/schema\/logo\/image\/","url":"https:\/\/cecotec.es\/cecorent\/wp-content\/uploads\/2022\/07\/CECORENT.png","contentUrl":"https:\/\/cecotec.es\/cecorent\/wp-content\/uploads\/2022\/07\/CECORENT.png","width":184,"height":24,"caption":"CecoRent"},"image":{"@id":"https:\/\/cecotec.es\/cecorent\/#\/schema\/logo\/image\/"}}]}},"_links":{"self":[{"href":"https:\/\/cecotec.es\/cecorent\/wp-json\/wp\/v2\/product\/19948"}],"collection":[{"href":"https:\/\/cecotec.es\/cecorent\/wp-json\/wp\/v2\/product"}],"about":[{"href":"https:\/\/cecotec.es\/cecorent\/wp-json\/wp\/v2\/types\/product"}],"wp:featuredmedia":[{"embeddable":true,"href":"https:\/\/cecotec.es\/cecorent\/wp-json\/wp\/v2\/media\/19949"}],"wp:attachment":[{"href":"https:\/\/cecotec.es\/cecorent\/wp-json\/wp\/v2\/media?parent=19948"}],"wp:term":[{"taxonomy":"product_brand","embeddable":true,"href":"https:\/\/cecotec.es\/cecorent\/wp-json\/wp\/v2\/product_brand?post=19948"},{"taxonomy":"product_cat","embeddable":true,"href":"https:\/\/cecotec.es\/cecorent\/wp-json\/wp\/v2\/product_cat?post=19948"},{"taxonomy":"product_tag","embeddable":true,"href":"https:\/\/cecotec.es\/cecorent\/wp-json\/wp\/v2\/product_tag?post=19948"}],"curies":[{"name":"wp","href":"https:\/\/api.w.org\/{rel}","templated":true}]}}