{"id":19878,"date":"2024-07-03T16:59:36","date_gmt":"2024-07-03T15:59:36","guid":{"rendered":"https:\/\/cecotec.es\/cecorent\/?post_type=product&#038;p=19878"},"modified":"2025-02-10T10:44:05","modified_gmt":"2025-02-10T09:44:05","slug":"conga-rockstar-1500-ray-pure","status":"publish","type":"product","link":"https:\/\/cecotec.es\/cecorent\/conga-rockstar-1500-ray-pure\/","title":{"rendered":"Conga rockstar 1500 ray pure"},"content":{"rendered":"<ul>\n<li>Tecnolog\u00eda ForceSonic: una potencia m\u00e1xima de 215 W y Parallel Cyclone System para maximizar el poder de succi\u00f3n de sus 12 kPa.  Aspira todo tipo de suciedad y mantiene tu hogar siempre limpio. A\u00fan m\u00e1s eficiente que nunca con su cicl\u00f3n paralelo.<\/li>\n<li>Gran autonom\u00eda: aprovecha sus hasta 45 minutos de autonom\u00eda* para limpiar tu casa a la primera y reduce el tiempo de carga a 4-5 horas con su bater\u00eda de Ion-Litio de 2200 mAh y 25,2 V.<\/li>\n<li>Cepillo mixto: combina dos tiras de cerdas distintas, y una tira de silicona, es perfecto para atrapar la suciedad y los pelos, sin ning\u00fan tipo de problemas.<\/li>\n<li>Parallel Cyclonic System: incorpora los \u00faltimos avances en aspiraci\u00f3n para separar las part\u00edculas por fuerza centr\u00edfuga, m\u00e1s eficiente que nunca.<\/li>\n<li>Versatilidad instant\u00e1nea: escoge entre aspiraci\u00f3n vertical, escoba o de mano sin perder ni un vatio de potencia y con la comodidad de su tecnolog\u00eda 360\u00ba que facilita su libertad de movimiento.<\/li>\n<li>Eco o Turbo: dos modos de funcionamiento para adaptar su uso a cada circunstancia sin perder eficiencia ni poder de succi\u00f3n.<\/li>\n<li>Limpieza detallada: maximiza la limpieza de tu hogar con un accesorio 2-1, su accesorio para esquinas y un soporte de pared.<\/li>\n<\/ul>\n","protected":false},"excerpt":{"rendered":"<ul>\n<li>Aspirador vertical.<\/li>\n<li>Accesorio muebles 2 en.<\/li>\n<li>Accesorio para esquinas.<\/li>\n<li>Soporte de pared.<\/li>\n<li>Cargador.<\/li>\n<li>Manual de instrucciones.<\/li>\n<\/ul>\n","protected":false},"featured_media":19879,"template":"","meta":{"content-type":""},"product_brand":[],"product_cat":[229],"product_tag":[],"class_list":{"0":"post-19878","1":"product","2":"type-product","3":"status-publish","4":"has-post-thumbnail","6":"product_cat-aspiradores-verticales","8":"first","9":"outofstock","10":"shipping-taxable","11":"purchasable","12":"product-type-simple"},"acf":[],"yoast_head":"<!-- This site is optimized with the Yoast SEO plugin v23.4 - https:\/\/yoast.com\/wordpress\/plugins\/seo\/ -->\n<title>Alquiler de Conga rockstar 1500 ray pure | CecoRent by Cecotec<\/title>\n<meta name=\"description\" content=\"Disponible el alquiler de Conga rockstar 1500 ray pure de Cecotec. Alquiler y suscripci\u00f3n con env\u00edo gratuito para toda la Pen\u00ednsula. \u00a1Mejora tu vida con Cecorent hoy!\" \/>\n<meta name=\"robots\" content=\"index, follow, max-snippet:-1, max-image-preview:large, max-video-preview:-1\" \/>\n<link rel=\"canonical\" href=\"https:\/\/cecotec.es\/cecorent\/conga-rockstar-1500-ray-pure\/\" \/>\n<meta property=\"og:locale\" content=\"es_ES\" \/>\n<meta property=\"og:type\" content=\"article\" \/>\n<meta property=\"og:title\" content=\"Alquiler de Conga rockstar 1500 ray pure | CecoRent by Cecotec\" \/>\n<meta property=\"og:description\" content=\"Disponible el alquiler de Conga rockstar 1500 ray pure de Cecotec. Alquiler y suscripci\u00f3n con env\u00edo gratuito para toda la Pen\u00ednsula. \u00a1Mejora tu vida con Cecorent hoy!\" \/>\n<meta property=\"og:url\" content=\"https:\/\/cecotec.es\/cecorent\/conga-rockstar-1500-ray-pure\/\" \/>\n<meta property=\"og:site_name\" content=\"CecoRent\" \/>\n<meta property=\"article:modified_time\" content=\"2025-02-10T09:44:05+00:00\" \/>\n<meta property=\"og:image\" content=\"https:\/\/cecotec.es\/cecorent\/wp-content\/uploads\/2024\/07\/image-4.png\" \/>\n\t<meta property=\"og:image:width\" content=\"1\" \/>\n\t<meta property=\"og:image:height\" content=\"1\" \/>\n\t<meta property=\"og:image:type\" content=\"image\/png\" \/>\n<meta name=\"twitter:card\" content=\"summary_large_image\" \/>\n<meta name=\"twitter:label1\" content=\"Tiempo de lectura\" \/>\n\t<meta name=\"twitter:data1\" content=\"2 minutos\" \/>\n<script type=\"application\/ld+json\" class=\"yoast-schema-graph\">{\"@context\":\"https:\/\/schema.org\",\"@graph\":[{\"@type\":\"WebPage\",\"@id\":\"https:\/\/cecotec.es\/cecorent\/conga-rockstar-1500-ray-pure\/\",\"url\":\"https:\/\/cecotec.es\/cecorent\/conga-rockstar-1500-ray-pure\/\",\"name\":\"Alquiler de Conga rockstar 1500 ray pure | CecoRent by Cecotec\",\"isPartOf\":{\"@id\":\"https:\/\/cecotec.es\/cecorent\/#website\"},\"primaryImageOfPage\":{\"@id\":\"https:\/\/cecotec.es\/cecorent\/conga-rockstar-1500-ray-pure\/#primaryimage\"},\"image\":{\"@id\":\"https:\/\/cecotec.es\/cecorent\/conga-rockstar-1500-ray-pure\/#primaryimage\"},\"thumbnailUrl\":\"https:\/\/cecotec.es\/cecorent\/wp-content\/uploads\/2024\/07\/image-4.png\",\"datePublished\":\"2024-07-03T15:59:36+00:00\",\"dateModified\":\"2025-02-10T09:44:05+00:00\",\"description\":\"Disponible el alquiler de Conga rockstar 1500 ray pure de Cecotec. Alquiler y suscripci\u00f3n con env\u00edo gratuito para toda la Pen\u00ednsula. \u00a1Mejora tu vida con Cecorent hoy!\",\"breadcrumb\":{\"@id\":\"https:\/\/cecotec.es\/cecorent\/conga-rockstar-1500-ray-pure\/#breadcrumb\"},\"inLanguage\":\"es\",\"potentialAction\":[{\"@type\":\"ReadAction\",\"target\":[\"https:\/\/cecotec.es\/cecorent\/conga-rockstar-1500-ray-pure\/\"]}]},{\"@type\":\"ImageObject\",\"inLanguage\":\"es\",\"@id\":\"https:\/\/cecotec.es\/cecorent\/conga-rockstar-1500-ray-pure\/#primaryimage\",\"url\":\"https:\/\/cecotec.es\/cecorent\/wp-content\/uploads\/2024\/07\/image-4.png\",\"contentUrl\":\"https:\/\/cecotec.es\/cecorent\/wp-content\/uploads\/2024\/07\/image-4.png\",\"caption\":\"Conga rockstar 1500 ray pure\"},{\"@type\":\"BreadcrumbList\",\"@id\":\"https:\/\/cecotec.es\/cecorent\/conga-rockstar-1500-ray-pure\/#breadcrumb\",\"itemListElement\":[{\"@type\":\"ListItem\",\"position\":1,\"name\":\"Inicio\",\"item\":\"https:\/\/cecotec.es\/cecorent\/\"},{\"@type\":\"ListItem\",\"position\":2,\"name\":\"Tienda\",\"item\":\"https:\/\/cecotec.es\/cecorent\/tienda\/\"},{\"@type\":\"ListItem\",\"position\":3,\"name\":\"Alquiler\",\"item\":\"https:\/\/cecorent.cecotec.es\/cecorent\/alquiler\/\"},{\"@type\":\"ListItem\",\"position\":4,\"name\":\"Aspiradores\",\"item\":\"https:\/\/cecorent.cecotec.es\/cecorent\/aspiracion\/\"},{\"@type\":\"ListItem\",\"position\":5,\"name\":\"Aspiradores verticales\",\"item\":\"https:\/\/cecorent.cecotec.es\/cecorent\/aspiradores-verticales\/\"},{\"@type\":\"ListItem\",\"position\":6,\"name\":\"Conga rockstar 1500 ray pure\"}]},{\"@type\":\"WebSite\",\"@id\":\"https:\/\/cecotec.es\/cecorent\/#website\",\"url\":\"https:\/\/cecotec.es\/cecorent\/\",\"name\":\"CecoRent\",\"description\":\"CecoRent\",\"publisher\":{\"@id\":\"https:\/\/cecotec.es\/cecorent\/#organization\"},\"potentialAction\":[{\"@type\":\"SearchAction\",\"target\":{\"@type\":\"EntryPoint\",\"urlTemplate\":\"https:\/\/cecotec.es\/cecorent\/?s={search_term_string}\"},\"query-input\":{\"@type\":\"PropertyValueSpecification\",\"valueRequired\":true,\"valueName\":\"search_term_string\"}}],\"inLanguage\":\"es\"},{\"@type\":\"Organization\",\"@id\":\"https:\/\/cecotec.es\/cecorent\/#organization\",\"name\":\"CecoRent\",\"url\":\"https:\/\/cecotec.es\/cecorent\/\",\"logo\":{\"@type\":\"ImageObject\",\"inLanguage\":\"es\",\"@id\":\"https:\/\/cecotec.es\/cecorent\/#\/schema\/logo\/image\/\",\"url\":\"https:\/\/cecotec.es\/cecorent\/wp-content\/uploads\/2022\/07\/CECORENT.png\",\"contentUrl\":\"https:\/\/cecotec.es\/cecorent\/wp-content\/uploads\/2022\/07\/CECORENT.png\",\"width\":184,\"height\":24,\"caption\":\"CecoRent\"},\"image\":{\"@id\":\"https:\/\/cecotec.es\/cecorent\/#\/schema\/logo\/image\/\"}}]}<\/script>\n<!-- \/ Yoast SEO plugin. -->","yoast_head_json":{"title":"Alquiler de Conga rockstar 1500 ray pure | CecoRent by Cecotec","description":"Disponible el alquiler de Conga rockstar 1500 ray pure de Cecotec. Alquiler y suscripci\u00f3n con env\u00edo gratuito para toda la Pen\u00ednsula. \u00a1Mejora tu vida con Cecorent hoy!","robots":{"index":"index","follow":"follow","max-snippet":"max-snippet:-1","max-image-preview":"max-image-preview:large","max-video-preview":"max-video-preview:-1"},"canonical":"https:\/\/cecotec.es\/cecorent\/conga-rockstar-1500-ray-pure\/","og_locale":"es_ES","og_type":"article","og_title":"Alquiler de Conga rockstar 1500 ray pure | CecoRent by Cecotec","og_description":"Disponible el alquiler de Conga rockstar 1500 ray pure de Cecotec. Alquiler y suscripci\u00f3n con env\u00edo gratuito para toda la Pen\u00ednsula. \u00a1Mejora tu vida con Cecorent hoy!","og_url":"https:\/\/cecotec.es\/cecorent\/conga-rockstar-1500-ray-pure\/","og_site_name":"CecoRent","article_modified_time":"2025-02-10T09:44:05+00:00","og_image":[{"url":"https:\/\/cecotec.es\/cecorent\/wp-content\/uploads\/2024\/07\/image-4.png","width":1,"height":1,"type":"image\/png"}],"twitter_card":"summary_large_image","twitter_misc":{"Tiempo de lectura":"2 minutos"},"schema":{"@context":"https:\/\/schema.org","@graph":[{"@type":"WebPage","@id":"https:\/\/cecotec.es\/cecorent\/conga-rockstar-1500-ray-pure\/","url":"https:\/\/cecotec.es\/cecorent\/conga-rockstar-1500-ray-pure\/","name":"Alquiler de Conga rockstar 1500 ray pure | CecoRent by Cecotec","isPartOf":{"@id":"https:\/\/cecotec.es\/cecorent\/#website"},"primaryImageOfPage":{"@id":"https:\/\/cecotec.es\/cecorent\/conga-rockstar-1500-ray-pure\/#primaryimage"},"image":{"@id":"https:\/\/cecotec.es\/cecorent\/conga-rockstar-1500-ray-pure\/#primaryimage"},"thumbnailUrl":"https:\/\/cecotec.es\/cecorent\/wp-content\/uploads\/2024\/07\/image-4.png","datePublished":"2024-07-03T15:59:36+00:00","dateModified":"2025-02-10T09:44:05+00:00","description":"Disponible el alquiler de Conga rockstar 1500 ray pure de Cecotec. Alquiler y suscripci\u00f3n con env\u00edo gratuito para toda la Pen\u00ednsula. \u00a1Mejora tu vida con Cecorent hoy!","breadcrumb":{"@id":"https:\/\/cecotec.es\/cecorent\/conga-rockstar-1500-ray-pure\/#breadcrumb"},"inLanguage":"es","potentialAction":[{"@type":"ReadAction","target":["https:\/\/cecotec.es\/cecorent\/conga-rockstar-1500-ray-pure\/"]}]},{"@type":"ImageObject","inLanguage":"es","@id":"https:\/\/cecotec.es\/cecorent\/conga-rockstar-1500-ray-pure\/#primaryimage","url":"https:\/\/cecotec.es\/cecorent\/wp-content\/uploads\/2024\/07\/image-4.png","contentUrl":"https:\/\/cecotec.es\/cecorent\/wp-content\/uploads\/2024\/07\/image-4.png","caption":"Conga rockstar 1500 ray pure"},{"@type":"BreadcrumbList","@id":"https:\/\/cecotec.es\/cecorent\/conga-rockstar-1500-ray-pure\/#breadcrumb","itemListElement":[{"@type":"ListItem","position":1,"name":"Inicio","item":"https:\/\/cecotec.es\/cecorent\/"},{"@type":"ListItem","position":2,"name":"Tienda","item":"https:\/\/cecotec.es\/cecorent\/tienda\/"},{"@type":"ListItem","position":3,"name":"Alquiler","item":"https:\/\/cecorent.cecotec.es\/cecorent\/alquiler\/"},{"@type":"ListItem","position":4,"name":"Aspiradores","item":"https:\/\/cecorent.cecotec.es\/cecorent\/aspiracion\/"},{"@type":"ListItem","position":5,"name":"Aspiradores verticales","item":"https:\/\/cecorent.cecotec.es\/cecorent\/aspiradores-verticales\/"},{"@type":"ListItem","position":6,"name":"Conga rockstar 1500 ray pure"}]},{"@type":"WebSite","@id":"https:\/\/cecotec.es\/cecorent\/#website","url":"https:\/\/cecotec.es\/cecorent\/","name":"CecoRent","description":"CecoRent","publisher":{"@id":"https:\/\/cecotec.es\/cecorent\/#organization"},"potentialAction":[{"@type":"SearchAction","target":{"@type":"EntryPoint","urlTemplate":"https:\/\/cecotec.es\/cecorent\/?s={search_term_string}"},"query-input":{"@type":"PropertyValueSpecification","valueRequired":true,"valueName":"search_term_string"}}],"inLanguage":"es"},{"@type":"Organization","@id":"https:\/\/cecotec.es\/cecorent\/#organization","name":"CecoRent","url":"https:\/\/cecotec.es\/cecorent\/","logo":{"@type":"ImageObject","inLanguage":"es","@id":"https:\/\/cecotec.es\/cecorent\/#\/schema\/logo\/image\/","url":"https:\/\/cecotec.es\/cecorent\/wp-content\/uploads\/2022\/07\/CECORENT.png","contentUrl":"https:\/\/cecotec.es\/cecorent\/wp-content\/uploads\/2022\/07\/CECORENT.png","width":184,"height":24,"caption":"CecoRent"},"image":{"@id":"https:\/\/cecotec.es\/cecorent\/#\/schema\/logo\/image\/"}}]}},"_links":{"self":[{"href":"https:\/\/cecotec.es\/cecorent\/wp-json\/wp\/v2\/product\/19878"}],"collection":[{"href":"https:\/\/cecotec.es\/cecorent\/wp-json\/wp\/v2\/product"}],"about":[{"href":"https:\/\/cecotec.es\/cecorent\/wp-json\/wp\/v2\/types\/product"}],"wp:featuredmedia":[{"embeddable":true,"href":"https:\/\/cecotec.es\/cecorent\/wp-json\/wp\/v2\/media\/19879"}],"wp:attachment":[{"href":"https:\/\/cecotec.es\/cecorent\/wp-json\/wp\/v2\/media?parent=19878"}],"wp:term":[{"taxonomy":"product_brand","embeddable":true,"href":"https:\/\/cecotec.es\/cecorent\/wp-json\/wp\/v2\/product_brand?post=19878"},{"taxonomy":"product_cat","embeddable":true,"href":"https:\/\/cecotec.es\/cecorent\/wp-json\/wp\/v2\/product_cat?post=19878"},{"taxonomy":"product_tag","embeddable":true,"href":"https:\/\/cecotec.es\/cecorent\/wp-json\/wp\/v2\/product_tag?post=19878"}],"curies":[{"name":"wp","href":"https:\/\/api.w.org\/{rel}","templated":true}]}}