{"id":19852,"date":"2024-07-03T17:01:39","date_gmt":"2024-07-03T16:01:39","guid":{"rendered":"https:\/\/cecotec.es\/cecorent\/?post_type=product&#038;p=19852"},"modified":"2025-05-27T18:05:42","modified_gmt":"2025-05-27T16:05:42","slug":"conga-rockstar-11500-odyssey-ergoflex","status":"publish","type":"product","link":"https:\/\/cecotec.es\/cecorent\/conga-rockstar-11500-odyssey-ergoflex\/","title":{"rendered":"Conga Rockstar 11500 Odyssey ErgoFlex"},"content":{"rendered":"<ul>\n<li>300 AW: arrasa con la suciedad de tu hogar gracias a sus 300 AW de potencia m\u00e1xima, que la convierten en la aspiradora m\u00e1s potente del mercado.<\/li>\n<li>850 W: gran potencia de motor con tecnolog\u00eda ForceSonic que aspira en profundidad, consiguiendo un acabado \u00f3ptimo.<\/li>\n<li>90 min de autonom\u00eda: su bater\u00eda de 29,4 V le otorga una gran autonom\u00eda para limpiar tu casa tranquilamente con total libertad.<\/li>\n<li>Cepillo Jaliscazo: abraza la aspiraci\u00f3n total con su cepillo Jaliscazo, que combina dos tiras de cerdas distintas para atrapar y desincrustar la suciedad.<\/li>\n<li>30 kPa: gran presi\u00f3n de succi\u00f3n para eliminar hasta la suciedad m\u00e1s escondida e invisible de tu casa.<\/li>\n<li>4 modos de funcionamiento: elige la opci\u00f3n que mejor se adapte a tus necesidades de entre sus modos Eco, Medio, High y Auto, y limpia sin l\u00edmites.<\/li>\n<li>Sistema Flex: se adapta a cualquier circunstancia gracias a su tubo flexible, con el que podr\u00e1s acceder a cualquier rinc\u00f3n.<\/li>\n<li>Filtro HEPA: dispone del sistema de filtrado de alta eficiencia m\u00e1s avanzado en un aspirador sin cable.<\/li>\n<li>Accesorios: maximiza la limpieza de tu hogar con su amplio kit de accesorios que te permitir\u00e1 limpiar al detalle toda tu casa y arrasar con la suciedad sobre cualquier superficie.<\/li>\n<li>Sin cables: tecnolog\u00eda sin cable vers\u00e1til, apta para todo tipo de suelos, alfombras, escaleras y lugares de dif\u00edcil acceso.<\/li>\n<\/ul>\n","protected":false},"excerpt":{"rendered":"<ul>\n<li>Aspirador.<\/li>\n<li>Accesorio 2 en 1 ancho para muebles y esquinas.<\/li>\n<li>Accesorio 2 en 1 estrecho para muebles y esquinas.<\/li>\n<li>Cepillo Jaliscazo.<\/li>\n<li>Tubo extensible.<\/li>\n<li>Tubo flexible.<\/li>\n<li>Cepillo alargado.<\/li>\n<li>Cepillo tejidos.<\/li>\n<li>Soporte de pared con funci\u00f3n de carga.<\/li>\n<li>Manual de instrucciones.<\/li>\n<\/ul>\n","protected":false},"featured_media":19853,"template":"","meta":{"content-type":""},"product_brand":[],"product_cat":[229],"product_tag":[],"class_list":{"0":"post-19852","1":"product","2":"type-product","3":"status-publish","4":"has-post-thumbnail","6":"product_cat-aspiradores-verticales","8":"first","9":"outofstock","10":"shipping-taxable","11":"purchasable","12":"product-type-simple"},"acf":[],"yoast_head":"<!-- This site is optimized with the Yoast SEO plugin v23.4 - https:\/\/yoast.com\/wordpress\/plugins\/seo\/ -->\n<title>Alquiler de Conga Rockstar 11500 Odyssey ErgoFlex | CecoRent by Cecotec<\/title>\n<meta name=\"description\" content=\"Disponible el alquiler de Conga Rockstar 11500 Odyssey ErgoFlex de Cecotec. Alquiler y suscripci\u00f3n con env\u00edo gratuito para toda la Pen\u00ednsula. \u00a1Mejora tu vida con Cecorent hoy!\" \/>\n<meta name=\"robots\" content=\"index, follow, max-snippet:-1, max-image-preview:large, max-video-preview:-1\" \/>\n<link rel=\"canonical\" href=\"https:\/\/cecotec.es\/cecorent\/conga-rockstar-11500-odyssey-ergoflex\/\" \/>\n<meta property=\"og:locale\" content=\"es_ES\" \/>\n<meta property=\"og:type\" content=\"article\" \/>\n<meta property=\"og:title\" content=\"Alquiler de Conga Rockstar 11500 Odyssey ErgoFlex | CecoRent by Cecotec\" \/>\n<meta property=\"og:description\" content=\"Disponible el alquiler de Conga Rockstar 11500 Odyssey ErgoFlex de Cecotec. Alquiler y suscripci\u00f3n con env\u00edo gratuito para toda la Pen\u00ednsula. \u00a1Mejora tu vida con Cecorent hoy!\" \/>\n<meta property=\"og:url\" content=\"https:\/\/cecotec.es\/cecorent\/conga-rockstar-11500-odyssey-ergoflex\/\" \/>\n<meta property=\"og:site_name\" content=\"CecoRent\" \/>\n<meta property=\"article:modified_time\" content=\"2025-05-27T16:05:42+00:00\" \/>\n<meta property=\"og:image\" content=\"https:\/\/cecotec.es\/cecorent\/wp-content\/uploads\/2024\/07\/image.png\" \/>\n\t<meta property=\"og:image:width\" content=\"1\" \/>\n\t<meta property=\"og:image:height\" content=\"1\" \/>\n\t<meta property=\"og:image:type\" content=\"image\/png\" \/>\n<meta name=\"twitter:card\" content=\"summary_large_image\" \/>\n<meta name=\"twitter:label1\" content=\"Tiempo de lectura\" \/>\n\t<meta name=\"twitter:data1\" content=\"2 minutos\" \/>\n<script type=\"application\/ld+json\" class=\"yoast-schema-graph\">{\"@context\":\"https:\/\/schema.org\",\"@graph\":[{\"@type\":\"WebPage\",\"@id\":\"https:\/\/cecotec.es\/cecorent\/conga-rockstar-11500-odyssey-ergoflex\/\",\"url\":\"https:\/\/cecotec.es\/cecorent\/conga-rockstar-11500-odyssey-ergoflex\/\",\"name\":\"Alquiler de Conga Rockstar 11500 Odyssey ErgoFlex | CecoRent by Cecotec\",\"isPartOf\":{\"@id\":\"https:\/\/cecorent.cecotec.es\/cecorent\/#website\"},\"primaryImageOfPage\":{\"@id\":\"https:\/\/cecotec.es\/cecorent\/conga-rockstar-11500-odyssey-ergoflex\/#primaryimage\"},\"image\":{\"@id\":\"https:\/\/cecotec.es\/cecorent\/conga-rockstar-11500-odyssey-ergoflex\/#primaryimage\"},\"thumbnailUrl\":\"https:\/\/cecotec.es\/cecorent\/wp-content\/uploads\/2024\/07\/image.png\",\"datePublished\":\"2024-07-03T16:01:39+00:00\",\"dateModified\":\"2025-05-27T16:05:42+00:00\",\"description\":\"Disponible el alquiler de Conga Rockstar 11500 Odyssey ErgoFlex de Cecotec. Alquiler y suscripci\u00f3n con env\u00edo gratuito para toda la Pen\u00ednsula. \u00a1Mejora tu vida con Cecorent hoy!\",\"breadcrumb\":{\"@id\":\"https:\/\/cecotec.es\/cecorent\/conga-rockstar-11500-odyssey-ergoflex\/#breadcrumb\"},\"inLanguage\":\"es\",\"potentialAction\":[{\"@type\":\"ReadAction\",\"target\":[\"https:\/\/cecotec.es\/cecorent\/conga-rockstar-11500-odyssey-ergoflex\/\"]}]},{\"@type\":\"ImageObject\",\"inLanguage\":\"es\",\"@id\":\"https:\/\/cecotec.es\/cecorent\/conga-rockstar-11500-odyssey-ergoflex\/#primaryimage\",\"url\":\"https:\/\/cecotec.es\/cecorent\/wp-content\/uploads\/2024\/07\/image.png\",\"contentUrl\":\"https:\/\/cecotec.es\/cecorent\/wp-content\/uploads\/2024\/07\/image.png\",\"caption\":\"Conga Rockstar 11500 Odyssey ErgoFlex\"},{\"@type\":\"BreadcrumbList\",\"@id\":\"https:\/\/cecotec.es\/cecorent\/conga-rockstar-11500-odyssey-ergoflex\/#breadcrumb\",\"itemListElement\":[{\"@type\":\"ListItem\",\"position\":1,\"name\":\"Inicio\",\"item\":\"https:\/\/cecorent.cecotec.es\/cecorent\/\"},{\"@type\":\"ListItem\",\"position\":2,\"name\":\"Tienda\",\"item\":\"https:\/\/cecorent.cecotec.es\/cecorent\/tienda\/\"},{\"@type\":\"ListItem\",\"position\":3,\"name\":\"Alquiler\",\"item\":\"https:\/\/cecotec.es\/cecorent\/alquiler\/\"},{\"@type\":\"ListItem\",\"position\":4,\"name\":\"Aspiradores\",\"item\":\"https:\/\/cecotec.es\/cecorent\/aspiracion\/\"},{\"@type\":\"ListItem\",\"position\":5,\"name\":\"Aspiradores verticales\",\"item\":\"https:\/\/cecorent.cecotec.es\/cecorent\/aspiradores-verticales\/\"},{\"@type\":\"ListItem\",\"position\":6,\"name\":\"Conga Rockstar 11500 Odyssey ErgoFlex\"}]},{\"@type\":\"WebSite\",\"@id\":\"https:\/\/cecorent.cecotec.es\/cecorent\/#website\",\"url\":\"https:\/\/cecorent.cecotec.es\/cecorent\/\",\"name\":\"CecoRent\",\"description\":\"CecoRent\",\"publisher\":{\"@id\":\"https:\/\/cecorent.cecotec.es\/cecorent\/#organization\"},\"potentialAction\":[{\"@type\":\"SearchAction\",\"target\":{\"@type\":\"EntryPoint\",\"urlTemplate\":\"https:\/\/cecorent.cecotec.es\/cecorent\/?s={search_term_string}\"},\"query-input\":{\"@type\":\"PropertyValueSpecification\",\"valueRequired\":true,\"valueName\":\"search_term_string\"}}],\"inLanguage\":\"es\"},{\"@type\":\"Organization\",\"@id\":\"https:\/\/cecorent.cecotec.es\/cecorent\/#organization\",\"name\":\"CecoRent\",\"url\":\"https:\/\/cecorent.cecotec.es\/cecorent\/\",\"logo\":{\"@type\":\"ImageObject\",\"inLanguage\":\"es\",\"@id\":\"https:\/\/cecorent.cecotec.es\/cecorent\/#\/schema\/logo\/image\/\",\"url\":\"https:\/\/cecotec.es\/cecorent\/wp-content\/uploads\/2022\/07\/CECORENT.png\",\"contentUrl\":\"https:\/\/cecotec.es\/cecorent\/wp-content\/uploads\/2022\/07\/CECORENT.png\",\"width\":184,\"height\":24,\"caption\":\"CecoRent\"},\"image\":{\"@id\":\"https:\/\/cecorent.cecotec.es\/cecorent\/#\/schema\/logo\/image\/\"}}]}<\/script>\n<!-- \/ Yoast SEO plugin. -->","yoast_head_json":{"title":"Alquiler de Conga Rockstar 11500 Odyssey ErgoFlex | CecoRent by Cecotec","description":"Disponible el alquiler de Conga Rockstar 11500 Odyssey ErgoFlex de Cecotec. Alquiler y suscripci\u00f3n con env\u00edo gratuito para toda la Pen\u00ednsula. \u00a1Mejora tu vida con Cecorent hoy!","robots":{"index":"index","follow":"follow","max-snippet":"max-snippet:-1","max-image-preview":"max-image-preview:large","max-video-preview":"max-video-preview:-1"},"canonical":"https:\/\/cecotec.es\/cecorent\/conga-rockstar-11500-odyssey-ergoflex\/","og_locale":"es_ES","og_type":"article","og_title":"Alquiler de Conga Rockstar 11500 Odyssey ErgoFlex | CecoRent by Cecotec","og_description":"Disponible el alquiler de Conga Rockstar 11500 Odyssey ErgoFlex de Cecotec. Alquiler y suscripci\u00f3n con env\u00edo gratuito para toda la Pen\u00ednsula. \u00a1Mejora tu vida con Cecorent hoy!","og_url":"https:\/\/cecotec.es\/cecorent\/conga-rockstar-11500-odyssey-ergoflex\/","og_site_name":"CecoRent","article_modified_time":"2025-05-27T16:05:42+00:00","og_image":[{"url":"https:\/\/cecotec.es\/cecorent\/wp-content\/uploads\/2024\/07\/image.png","width":1,"height":1,"type":"image\/png"}],"twitter_card":"summary_large_image","twitter_misc":{"Tiempo de lectura":"2 minutos"},"schema":{"@context":"https:\/\/schema.org","@graph":[{"@type":"WebPage","@id":"https:\/\/cecotec.es\/cecorent\/conga-rockstar-11500-odyssey-ergoflex\/","url":"https:\/\/cecotec.es\/cecorent\/conga-rockstar-11500-odyssey-ergoflex\/","name":"Alquiler de Conga Rockstar 11500 Odyssey ErgoFlex | CecoRent by Cecotec","isPartOf":{"@id":"https:\/\/cecorent.cecotec.es\/cecorent\/#website"},"primaryImageOfPage":{"@id":"https:\/\/cecotec.es\/cecorent\/conga-rockstar-11500-odyssey-ergoflex\/#primaryimage"},"image":{"@id":"https:\/\/cecotec.es\/cecorent\/conga-rockstar-11500-odyssey-ergoflex\/#primaryimage"},"thumbnailUrl":"https:\/\/cecotec.es\/cecorent\/wp-content\/uploads\/2024\/07\/image.png","datePublished":"2024-07-03T16:01:39+00:00","dateModified":"2025-05-27T16:05:42+00:00","description":"Disponible el alquiler de Conga Rockstar 11500 Odyssey ErgoFlex de Cecotec. Alquiler y suscripci\u00f3n con env\u00edo gratuito para toda la Pen\u00ednsula. \u00a1Mejora tu vida con Cecorent hoy!","breadcrumb":{"@id":"https:\/\/cecotec.es\/cecorent\/conga-rockstar-11500-odyssey-ergoflex\/#breadcrumb"},"inLanguage":"es","potentialAction":[{"@type":"ReadAction","target":["https:\/\/cecotec.es\/cecorent\/conga-rockstar-11500-odyssey-ergoflex\/"]}]},{"@type":"ImageObject","inLanguage":"es","@id":"https:\/\/cecotec.es\/cecorent\/conga-rockstar-11500-odyssey-ergoflex\/#primaryimage","url":"https:\/\/cecotec.es\/cecorent\/wp-content\/uploads\/2024\/07\/image.png","contentUrl":"https:\/\/cecotec.es\/cecorent\/wp-content\/uploads\/2024\/07\/image.png","caption":"Conga Rockstar 11500 Odyssey ErgoFlex"},{"@type":"BreadcrumbList","@id":"https:\/\/cecotec.es\/cecorent\/conga-rockstar-11500-odyssey-ergoflex\/#breadcrumb","itemListElement":[{"@type":"ListItem","position":1,"name":"Inicio","item":"https:\/\/cecorent.cecotec.es\/cecorent\/"},{"@type":"ListItem","position":2,"name":"Tienda","item":"https:\/\/cecorent.cecotec.es\/cecorent\/tienda\/"},{"@type":"ListItem","position":3,"name":"Alquiler","item":"https:\/\/cecotec.es\/cecorent\/alquiler\/"},{"@type":"ListItem","position":4,"name":"Aspiradores","item":"https:\/\/cecotec.es\/cecorent\/aspiracion\/"},{"@type":"ListItem","position":5,"name":"Aspiradores verticales","item":"https:\/\/cecorent.cecotec.es\/cecorent\/aspiradores-verticales\/"},{"@type":"ListItem","position":6,"name":"Conga Rockstar 11500 Odyssey ErgoFlex"}]},{"@type":"WebSite","@id":"https:\/\/cecorent.cecotec.es\/cecorent\/#website","url":"https:\/\/cecorent.cecotec.es\/cecorent\/","name":"CecoRent","description":"CecoRent","publisher":{"@id":"https:\/\/cecorent.cecotec.es\/cecorent\/#organization"},"potentialAction":[{"@type":"SearchAction","target":{"@type":"EntryPoint","urlTemplate":"https:\/\/cecorent.cecotec.es\/cecorent\/?s={search_term_string}"},"query-input":{"@type":"PropertyValueSpecification","valueRequired":true,"valueName":"search_term_string"}}],"inLanguage":"es"},{"@type":"Organization","@id":"https:\/\/cecorent.cecotec.es\/cecorent\/#organization","name":"CecoRent","url":"https:\/\/cecorent.cecotec.es\/cecorent\/","logo":{"@type":"ImageObject","inLanguage":"es","@id":"https:\/\/cecorent.cecotec.es\/cecorent\/#\/schema\/logo\/image\/","url":"https:\/\/cecotec.es\/cecorent\/wp-content\/uploads\/2022\/07\/CECORENT.png","contentUrl":"https:\/\/cecotec.es\/cecorent\/wp-content\/uploads\/2022\/07\/CECORENT.png","width":184,"height":24,"caption":"CecoRent"},"image":{"@id":"https:\/\/cecorent.cecotec.es\/cecorent\/#\/schema\/logo\/image\/"}}]}},"_links":{"self":[{"href":"https:\/\/cecotec.es\/cecorent\/wp-json\/wp\/v2\/product\/19852"}],"collection":[{"href":"https:\/\/cecotec.es\/cecorent\/wp-json\/wp\/v2\/product"}],"about":[{"href":"https:\/\/cecotec.es\/cecorent\/wp-json\/wp\/v2\/types\/product"}],"wp:featuredmedia":[{"embeddable":true,"href":"https:\/\/cecotec.es\/cecorent\/wp-json\/wp\/v2\/media\/19853"}],"wp:attachment":[{"href":"https:\/\/cecotec.es\/cecorent\/wp-json\/wp\/v2\/media?parent=19852"}],"wp:term":[{"taxonomy":"product_brand","embeddable":true,"href":"https:\/\/cecotec.es\/cecorent\/wp-json\/wp\/v2\/product_brand?post=19852"},{"taxonomy":"product_cat","embeddable":true,"href":"https:\/\/cecotec.es\/cecorent\/wp-json\/wp\/v2\/product_cat?post=19852"},{"taxonomy":"product_tag","embeddable":true,"href":"https:\/\/cecotec.es\/cecorent\/wp-json\/wp\/v2\/product_tag?post=19852"}],"curies":[{"name":"wp","href":"https:\/\/api.w.org\/{rel}","templated":true}]}}