{"id":19736,"date":"2024-06-10T17:58:25","date_gmt":"2024-06-10T16:58:25","guid":{"rendered":"https:\/\/cecotec.es\/cecorent\/?post_type=product&#038;p=19736"},"modified":"2025-03-19T09:54:00","modified_gmt":"2025-03-19T08:54:00","slug":"conga-12090-twice-roller-homefill","status":"publish","type":"product","link":"https:\/\/cecotec.es\/cecorent\/conga-12090-twice-roller-homefill\/","title":{"rendered":"Conga 12090 Twice Roller Home&#038;Fill"},"content":{"rendered":"<ul>\n<li>Navegaci\u00f3n l\u00e1ser: navegaci\u00f3n ultra precisa que evita obst\u00e1culos para una limpieza inmejorable en un tiempo m\u00ednimo.<\/li>\n<li>10 en 1: barre, aspira, friega, mopea, limpia el rodillo, escurre el rodillo, seca el rodillo, se autovac\u00eda de polvo y agua sucia y autorellena el agua limpia.<\/li>\n<li>Twice Roller: limpieza perfecta de una sola pasada con su cepillo multifunci\u00f3n con cerdas que arrasa con la suciedad y su cepillo Jalisco XL que absorbe todo tipo de l\u00edquidos.<\/li>\n<li>Wet Jalisco XL: rodillo de fregado profesional XL que friega m\u00e1s superficie con textura s\u00faper absorbente.<\/li>\n<li>Secado del rodillo: al acabar la limpieza, el robot seca el rodillo en la estaci\u00f3n para evitar malos olores y dejarlo preparado para la siguiente limpieza.<\/li>\n<li>Infinity Wash: fregado prolongado en hasta 240m2 de superficie gracias al llenado de agua limpia y autovaciado de agua sucia en la estaci\u00f3n.<\/li>\n<li>4000 Pa: ultrapotencia de succi\u00f3n que aspira la suciedad m\u00e1s extrema hasta en alfombras.<\/li>\n<li>Autonom\u00eda: 240 minutos de autonom\u00eda con tecnolog\u00eda Total Surface. Adem\u00e1s, si el robot se queda sin bater\u00eda, vuelve a la base para cargarse y as\u00ed retomar la limpieza en el punto donde par\u00f3.<\/li>\n<li>Cepillo multifunci\u00f3n: ideal para todo tipo de suelos y alfombras, con cerdas incorporadas que arrasan con la suciedad.<\/li>\n<li>App 3.0: aplicaci\u00f3n m\u00f3vil intuitiva y muy f\u00e1cil de usar con Room Plan para limpiar por habitaciones.<\/li>\n<li>Voice assistant: la conga es muy f\u00e1cil de usar gracias a su compatibilidad con asistentes virtuales.<\/li>\n<\/ul>\n","protected":false},"excerpt":{"rendered":"<ul\/\n\n\n<li>Robot aspirador.<\/li>\n<li>Base de autovaciado.<\/li>\n<li>Bolsa de polvo.<\/li>\n<li>Cepillo de limpieza.<\/li>\n<li>Cepillo lateral.<\/li>\n<li>Cepillo multifunci\u00f3n.<\/li>\n<li>Rodillo fregador.<\/li>\n<li>Tanque de agua limpia.<\/li>\n<li>Tanque de agua sucia.<\/li>\n<li>Manual de instrucciones.<\/li>\n<\/ul>\n","protected":false},"featured_media":19737,"template":"","meta":{"content-type":""},"product_brand":[],"product_cat":[159],"product_tag":[],"class_list":{"0":"post-19736","1":"product","2":"type-product","3":"status-publish","4":"has-post-thumbnail","6":"product_cat-robots-aspiradores","8":"first","9":"outofstock","10":"shipping-taxable","11":"purchasable","12":"product-type-simple"},"acf":[],"yoast_head":"<!-- This site is optimized with the Yoast SEO plugin v23.4 - https:\/\/yoast.com\/wordpress\/plugins\/seo\/ -->\n<title>Alquiler de Conga 12090 Twice Roller Home&amp;Fill | CecoRent by Cecotec<\/title>\n<meta name=\"description\" content=\"Disponible el alquiler de Conga 12090 Twice Roller Home&amp;Fill de Cecotec. Alquiler y suscripci\u00f3n con env\u00edo gratuito para toda la Pen\u00ednsula. \u00a1Mejora tu vida con Cecorent hoy!\" \/>\n<meta name=\"robots\" content=\"index, follow, max-snippet:-1, max-image-preview:large, max-video-preview:-1\" \/>\n<link rel=\"canonical\" href=\"https:\/\/cecorent.cecotec.es\/cecorent\/conga-12090-twice-roller-homefill\/\" \/>\n<meta property=\"og:locale\" content=\"es_ES\" \/>\n<meta property=\"og:type\" content=\"article\" \/>\n<meta property=\"og:title\" content=\"Alquiler de Conga 12090 Twice Roller Home&amp;Fill | CecoRent by Cecotec\" \/>\n<meta property=\"og:description\" content=\"Disponible el alquiler de Conga 12090 Twice Roller Home&amp;Fill de Cecotec. Alquiler y suscripci\u00f3n con env\u00edo gratuito para toda la Pen\u00ednsula. \u00a1Mejora tu vida con Cecorent hoy!\" \/>\n<meta property=\"og:url\" content=\"https:\/\/cecorent.cecotec.es\/cecorent\/conga-12090-twice-roller-homefill\/\" \/>\n<meta property=\"og:site_name\" content=\"CecoRent\" \/>\n<meta property=\"article:modified_time\" content=\"2025-03-19T08:54:00+00:00\" \/>\n<meta property=\"og:image\" content=\"https:\/\/cecorent.cecotec.es\/cecorent\/wp-content\/uploads\/2024\/06\/conga-12090-twice-roller-homefill_ksap8j_1.png\" \/>\n\t<meta property=\"og:image:width\" content=\"2048\" \/>\n\t<meta property=\"og:image:height\" content=\"2048\" \/>\n\t<meta property=\"og:image:type\" content=\"image\/png\" \/>\n<meta name=\"twitter:card\" content=\"summary_large_image\" \/>\n<meta name=\"twitter:label1\" content=\"Tiempo de lectura\" \/>\n\t<meta name=\"twitter:data1\" content=\"2 minutos\" \/>\n<script type=\"application\/ld+json\" class=\"yoast-schema-graph\">{\"@context\":\"https:\/\/schema.org\",\"@graph\":[{\"@type\":\"WebPage\",\"@id\":\"https:\/\/cecorent.cecotec.es\/cecorent\/conga-12090-twice-roller-homefill\/\",\"url\":\"https:\/\/cecorent.cecotec.es\/cecorent\/conga-12090-twice-roller-homefill\/\",\"name\":\"Alquiler de Conga 12090 Twice Roller Home&Fill | CecoRent by Cecotec\",\"isPartOf\":{\"@id\":\"https:\/\/cecotec.es\/cecorent\/#website\"},\"primaryImageOfPage\":{\"@id\":\"https:\/\/cecorent.cecotec.es\/cecorent\/conga-12090-twice-roller-homefill\/#primaryimage\"},\"image\":{\"@id\":\"https:\/\/cecorent.cecotec.es\/cecorent\/conga-12090-twice-roller-homefill\/#primaryimage\"},\"thumbnailUrl\":\"https:\/\/cecotec.es\/cecorent\/wp-content\/uploads\/2024\/06\/conga-12090-twice-roller-homefill_ksap8j_1.png\",\"datePublished\":\"2024-06-10T16:58:25+00:00\",\"dateModified\":\"2025-03-19T08:54:00+00:00\",\"description\":\"Disponible el alquiler de Conga 12090 Twice Roller Home&Fill de Cecotec. Alquiler y suscripci\u00f3n con env\u00edo gratuito para toda la Pen\u00ednsula. \u00a1Mejora tu vida con Cecorent hoy!\",\"breadcrumb\":{\"@id\":\"https:\/\/cecorent.cecotec.es\/cecorent\/conga-12090-twice-roller-homefill\/#breadcrumb\"},\"inLanguage\":\"es\",\"potentialAction\":[{\"@type\":\"ReadAction\",\"target\":[\"https:\/\/cecorent.cecotec.es\/cecorent\/conga-12090-twice-roller-homefill\/\"]}]},{\"@type\":\"ImageObject\",\"inLanguage\":\"es\",\"@id\":\"https:\/\/cecorent.cecotec.es\/cecorent\/conga-12090-twice-roller-homefill\/#primaryimage\",\"url\":\"https:\/\/cecotec.es\/cecorent\/wp-content\/uploads\/2024\/06\/conga-12090-twice-roller-homefill_ksap8j_1.png\",\"contentUrl\":\"https:\/\/cecotec.es\/cecorent\/wp-content\/uploads\/2024\/06\/conga-12090-twice-roller-homefill_ksap8j_1.png\",\"width\":2048,\"height\":2048},{\"@type\":\"BreadcrumbList\",\"@id\":\"https:\/\/cecorent.cecotec.es\/cecorent\/conga-12090-twice-roller-homefill\/#breadcrumb\",\"itemListElement\":[{\"@type\":\"ListItem\",\"position\":1,\"name\":\"Inicio\",\"item\":\"https:\/\/cecotec.es\/cecorent\/\"},{\"@type\":\"ListItem\",\"position\":2,\"name\":\"Tienda\",\"item\":\"https:\/\/cecotec.es\/cecorent\/tienda\/\"},{\"@type\":\"ListItem\",\"position\":3,\"name\":\"Alquiler\",\"item\":\"https:\/\/cecotec.es\/cecorent\/alquiler\/\"},{\"@type\":\"ListItem\",\"position\":4,\"name\":\"Aspiradores\",\"item\":\"https:\/\/cecotec.es\/cecorent\/aspiracion\/\"},{\"@type\":\"ListItem\",\"position\":5,\"name\":\"Robots aspiradores\",\"item\":\"https:\/\/cecotec.es\/cecorent\/robots-aspiradores\/\"},{\"@type\":\"ListItem\",\"position\":6,\"name\":\"Conga 12090 Twice Roller Home&#038;Fill\"}]},{\"@type\":\"WebSite\",\"@id\":\"https:\/\/cecotec.es\/cecorent\/#website\",\"url\":\"https:\/\/cecotec.es\/cecorent\/\",\"name\":\"CecoRent\",\"description\":\"CecoRent\",\"publisher\":{\"@id\":\"https:\/\/cecotec.es\/cecorent\/#organization\"},\"potentialAction\":[{\"@type\":\"SearchAction\",\"target\":{\"@type\":\"EntryPoint\",\"urlTemplate\":\"https:\/\/cecotec.es\/cecorent\/?s={search_term_string}\"},\"query-input\":{\"@type\":\"PropertyValueSpecification\",\"valueRequired\":true,\"valueName\":\"search_term_string\"}}],\"inLanguage\":\"es\"},{\"@type\":\"Organization\",\"@id\":\"https:\/\/cecotec.es\/cecorent\/#organization\",\"name\":\"CecoRent\",\"url\":\"https:\/\/cecotec.es\/cecorent\/\",\"logo\":{\"@type\":\"ImageObject\",\"inLanguage\":\"es\",\"@id\":\"https:\/\/cecotec.es\/cecorent\/#\/schema\/logo\/image\/\",\"url\":\"https:\/\/cecotec.es\/cecorent\/wp-content\/uploads\/2022\/07\/CECORENT.png\",\"contentUrl\":\"https:\/\/cecotec.es\/cecorent\/wp-content\/uploads\/2022\/07\/CECORENT.png\",\"width\":184,\"height\":24,\"caption\":\"CecoRent\"},\"image\":{\"@id\":\"https:\/\/cecotec.es\/cecorent\/#\/schema\/logo\/image\/\"}}]}<\/script>\n<!-- \/ Yoast SEO plugin. -->","yoast_head_json":{"title":"Alquiler de Conga 12090 Twice Roller Home&Fill | CecoRent by Cecotec","description":"Disponible el alquiler de Conga 12090 Twice Roller Home&Fill de Cecotec. Alquiler y suscripci\u00f3n con env\u00edo gratuito para toda la Pen\u00ednsula. \u00a1Mejora tu vida con Cecorent hoy!","robots":{"index":"index","follow":"follow","max-snippet":"max-snippet:-1","max-image-preview":"max-image-preview:large","max-video-preview":"max-video-preview:-1"},"canonical":"https:\/\/cecorent.cecotec.es\/cecorent\/conga-12090-twice-roller-homefill\/","og_locale":"es_ES","og_type":"article","og_title":"Alquiler de Conga 12090 Twice Roller Home&Fill | CecoRent by Cecotec","og_description":"Disponible el alquiler de Conga 12090 Twice Roller Home&Fill de Cecotec. Alquiler y suscripci\u00f3n con env\u00edo gratuito para toda la Pen\u00ednsula. \u00a1Mejora tu vida con Cecorent hoy!","og_url":"https:\/\/cecorent.cecotec.es\/cecorent\/conga-12090-twice-roller-homefill\/","og_site_name":"CecoRent","article_modified_time":"2025-03-19T08:54:00+00:00","og_image":[{"width":2048,"height":2048,"url":"https:\/\/cecorent.cecotec.es\/cecorent\/wp-content\/uploads\/2024\/06\/conga-12090-twice-roller-homefill_ksap8j_1.png","type":"image\/png"}],"twitter_card":"summary_large_image","twitter_misc":{"Tiempo de lectura":"2 minutos"},"schema":{"@context":"https:\/\/schema.org","@graph":[{"@type":"WebPage","@id":"https:\/\/cecorent.cecotec.es\/cecorent\/conga-12090-twice-roller-homefill\/","url":"https:\/\/cecorent.cecotec.es\/cecorent\/conga-12090-twice-roller-homefill\/","name":"Alquiler de Conga 12090 Twice Roller Home&Fill | CecoRent by Cecotec","isPartOf":{"@id":"https:\/\/cecotec.es\/cecorent\/#website"},"primaryImageOfPage":{"@id":"https:\/\/cecorent.cecotec.es\/cecorent\/conga-12090-twice-roller-homefill\/#primaryimage"},"image":{"@id":"https:\/\/cecorent.cecotec.es\/cecorent\/conga-12090-twice-roller-homefill\/#primaryimage"},"thumbnailUrl":"https:\/\/cecotec.es\/cecorent\/wp-content\/uploads\/2024\/06\/conga-12090-twice-roller-homefill_ksap8j_1.png","datePublished":"2024-06-10T16:58:25+00:00","dateModified":"2025-03-19T08:54:00+00:00","description":"Disponible el alquiler de Conga 12090 Twice Roller Home&Fill de Cecotec. Alquiler y suscripci\u00f3n con env\u00edo gratuito para toda la Pen\u00ednsula. \u00a1Mejora tu vida con Cecorent hoy!","breadcrumb":{"@id":"https:\/\/cecorent.cecotec.es\/cecorent\/conga-12090-twice-roller-homefill\/#breadcrumb"},"inLanguage":"es","potentialAction":[{"@type":"ReadAction","target":["https:\/\/cecorent.cecotec.es\/cecorent\/conga-12090-twice-roller-homefill\/"]}]},{"@type":"ImageObject","inLanguage":"es","@id":"https:\/\/cecorent.cecotec.es\/cecorent\/conga-12090-twice-roller-homefill\/#primaryimage","url":"https:\/\/cecotec.es\/cecorent\/wp-content\/uploads\/2024\/06\/conga-12090-twice-roller-homefill_ksap8j_1.png","contentUrl":"https:\/\/cecotec.es\/cecorent\/wp-content\/uploads\/2024\/06\/conga-12090-twice-roller-homefill_ksap8j_1.png","width":2048,"height":2048},{"@type":"BreadcrumbList","@id":"https:\/\/cecorent.cecotec.es\/cecorent\/conga-12090-twice-roller-homefill\/#breadcrumb","itemListElement":[{"@type":"ListItem","position":1,"name":"Inicio","item":"https:\/\/cecotec.es\/cecorent\/"},{"@type":"ListItem","position":2,"name":"Tienda","item":"https:\/\/cecotec.es\/cecorent\/tienda\/"},{"@type":"ListItem","position":3,"name":"Alquiler","item":"https:\/\/cecotec.es\/cecorent\/alquiler\/"},{"@type":"ListItem","position":4,"name":"Aspiradores","item":"https:\/\/cecotec.es\/cecorent\/aspiracion\/"},{"@type":"ListItem","position":5,"name":"Robots aspiradores","item":"https:\/\/cecotec.es\/cecorent\/robots-aspiradores\/"},{"@type":"ListItem","position":6,"name":"Conga 12090 Twice Roller Home&#038;Fill"}]},{"@type":"WebSite","@id":"https:\/\/cecotec.es\/cecorent\/#website","url":"https:\/\/cecotec.es\/cecorent\/","name":"CecoRent","description":"CecoRent","publisher":{"@id":"https:\/\/cecotec.es\/cecorent\/#organization"},"potentialAction":[{"@type":"SearchAction","target":{"@type":"EntryPoint","urlTemplate":"https:\/\/cecotec.es\/cecorent\/?s={search_term_string}"},"query-input":{"@type":"PropertyValueSpecification","valueRequired":true,"valueName":"search_term_string"}}],"inLanguage":"es"},{"@type":"Organization","@id":"https:\/\/cecotec.es\/cecorent\/#organization","name":"CecoRent","url":"https:\/\/cecotec.es\/cecorent\/","logo":{"@type":"ImageObject","inLanguage":"es","@id":"https:\/\/cecotec.es\/cecorent\/#\/schema\/logo\/image\/","url":"https:\/\/cecotec.es\/cecorent\/wp-content\/uploads\/2022\/07\/CECORENT.png","contentUrl":"https:\/\/cecotec.es\/cecorent\/wp-content\/uploads\/2022\/07\/CECORENT.png","width":184,"height":24,"caption":"CecoRent"},"image":{"@id":"https:\/\/cecotec.es\/cecorent\/#\/schema\/logo\/image\/"}}]}},"_links":{"self":[{"href":"https:\/\/cecotec.es\/cecorent\/wp-json\/wp\/v2\/product\/19736"}],"collection":[{"href":"https:\/\/cecotec.es\/cecorent\/wp-json\/wp\/v2\/product"}],"about":[{"href":"https:\/\/cecotec.es\/cecorent\/wp-json\/wp\/v2\/types\/product"}],"wp:featuredmedia":[{"embeddable":true,"href":"https:\/\/cecotec.es\/cecorent\/wp-json\/wp\/v2\/media\/19737"}],"wp:attachment":[{"href":"https:\/\/cecotec.es\/cecorent\/wp-json\/wp\/v2\/media?parent=19736"}],"wp:term":[{"taxonomy":"product_brand","embeddable":true,"href":"https:\/\/cecotec.es\/cecorent\/wp-json\/wp\/v2\/product_brand?post=19736"},{"taxonomy":"product_cat","embeddable":true,"href":"https:\/\/cecotec.es\/cecorent\/wp-json\/wp\/v2\/product_cat?post=19736"},{"taxonomy":"product_tag","embeddable":true,"href":"https:\/\/cecotec.es\/cecorent\/wp-json\/wp\/v2\/product_tag?post=19736"}],"curies":[{"name":"wp","href":"https:\/\/api.w.org\/{rel}","templated":true}]}}