{"id":19538,"date":"2024-05-21T11:40:46","date_gmt":"2024-05-21T10:40:46","guid":{"rendered":"https:\/\/cecotec.es\/cecorent\/?post_type=product&#038;p=19538"},"modified":"2025-03-20T21:27:37","modified_gmt":"2025-03-20T20:27:37","slug":"runfit-sprint-vibrator","status":"publish","type":"product","link":"https:\/\/cecotec.es\/cecorent\/runfit-sprint-vibrator\/","title":{"rendered":"Runfit Sprint Vibrator"},"content":{"rendered":"<p>Cinta de correr con cintur\u00f3n de masaje liporeductor y 12 programas predefinidos.<\/p>\n<ul>\n<li>Cinta de correr que incluye un cintur\u00f3n integrado de masaje liporreductor con vibraci\u00f3n.<\/li>\n<li>12 programas predefinidos.<\/li>\n<li>5 velocidades predefinidas.<\/li>\n<li>Velocidad ajustable: de 0,8 km\/h a 14 km\/h.<\/li>\n<li>Potencia: 1500 W.<\/li>\n<li>Incluye mancuernas y barras de espuma.<\/li>\n<li>Monitor LCD con panel control: velocidad, tiempo, distancia, calor\u00edas, pulsaciones y funci\u00f3n Scan.<\/li>\n<li>Superficie de carrera: 123 x 40 cm.<\/li>\n<li>Puls\u00f3metro.<\/li>\n<li>Plegable: sistema hidr\u00e1ulico.<\/li>\n<li>Ruedas para su f\u00e1cil transporte.<\/li>\n<li>Sistema de seguridad magn\u00e9tico.<\/li>\n<li>Tres niveles de inclinaci\u00f3n.<\/li>\n<li>Brazos de agarre de espuma.<\/li>\n<li>Portabotellas y ranura para dispositivos.<\/li>\n<\/ul>\n","protected":false},"excerpt":{"rendered":"<ul>\n<li>Cinta de andar.<\/li>\n<li>Kit de montaje.<\/li>\n<li>Manual de instrucciones.<\/li>\n<\/ul>\n","protected":false},"featured_media":19544,"template":"","meta":{"content-type":""},"product_brand":[],"product_cat":[168],"product_tag":[],"class_list":{"0":"post-19538","1":"product","2":"type-product","3":"status-publish","4":"has-post-thumbnail","6":"product_cat-cintas-de-correr-y-andar","8":"first","9":"outofstock","10":"shipping-taxable","11":"purchasable","12":"product-type-variable"},"acf":[],"yoast_head":"<!-- This site is optimized with the Yoast SEO plugin v23.4 - https:\/\/yoast.com\/wordpress\/plugins\/seo\/ -->\n<title>Alquiler de Runfit Sprint Vibrator | CecoRent by Cecotec<\/title>\n<meta name=\"description\" content=\"Disponible el alquiler de Runfit Sprint Vibrator de Cecotec. Alquiler y suscripci\u00f3n con env\u00edo gratuito para toda la Pen\u00ednsula. \u00a1Mejora tu vida con Cecorent hoy!\" \/>\n<meta name=\"robots\" content=\"index, follow, max-snippet:-1, max-image-preview:large, max-video-preview:-1\" \/>\n<link rel=\"canonical\" href=\"https:\/\/cecorent.cecotec.es\/cecorent\/runfit-sprint-vibrator\/\" \/>\n<meta property=\"og:locale\" content=\"es_ES\" \/>\n<meta property=\"og:type\" content=\"article\" \/>\n<meta property=\"og:title\" content=\"Alquiler de Runfit Sprint Vibrator | CecoRent by Cecotec\" \/>\n<meta property=\"og:description\" content=\"Disponible el alquiler de Runfit Sprint Vibrator de Cecotec. Alquiler y suscripci\u00f3n con env\u00edo gratuito para toda la Pen\u00ednsula. \u00a1Mejora tu vida con Cecorent hoy!\" \/>\n<meta property=\"og:url\" content=\"https:\/\/cecorent.cecotec.es\/cecorent\/runfit-sprint-vibrator\/\" \/>\n<meta property=\"og:site_name\" content=\"CecoRent\" \/>\n<meta property=\"article:modified_time\" content=\"2025-03-20T20:27:37+00:00\" \/>\n<meta property=\"og:image\" content=\"https:\/\/cecorent.cecotec.es\/cecorent\/wp-content\/uploads\/2024\/05\/sprint-vibrator_1-1024x1024.png\" \/>\n\t<meta property=\"og:image:width\" content=\"1024\" \/>\n\t<meta property=\"og:image:height\" content=\"1024\" \/>\n\t<meta property=\"og:image:type\" content=\"image\/png\" \/>\n<meta name=\"twitter:card\" content=\"summary_large_image\" \/>\n<meta name=\"twitter:label1\" content=\"Tiempo de lectura\" \/>\n\t<meta name=\"twitter:data1\" content=\"1 minuto\" \/>\n<script type=\"application\/ld+json\" class=\"yoast-schema-graph\">{\"@context\":\"https:\/\/schema.org\",\"@graph\":[{\"@type\":\"WebPage\",\"@id\":\"https:\/\/cecorent.cecotec.es\/cecorent\/runfit-sprint-vibrator\/\",\"url\":\"https:\/\/cecorent.cecotec.es\/cecorent\/runfit-sprint-vibrator\/\",\"name\":\"Alquiler de Runfit Sprint Vibrator | CecoRent by Cecotec\",\"isPartOf\":{\"@id\":\"https:\/\/cecotec.es\/cecorent\/#website\"},\"primaryImageOfPage\":{\"@id\":\"https:\/\/cecorent.cecotec.es\/cecorent\/runfit-sprint-vibrator\/#primaryimage\"},\"image\":{\"@id\":\"https:\/\/cecorent.cecotec.es\/cecorent\/runfit-sprint-vibrator\/#primaryimage\"},\"thumbnailUrl\":\"https:\/\/cecotec.es\/cecorent\/wp-content\/uploads\/2024\/05\/sprint-vibrator_1.png\",\"datePublished\":\"2024-05-21T10:40:46+00:00\",\"dateModified\":\"2025-03-20T20:27:37+00:00\",\"description\":\"Disponible el alquiler de Runfit Sprint Vibrator de Cecotec. Alquiler y suscripci\u00f3n con env\u00edo gratuito para toda la Pen\u00ednsula. \u00a1Mejora tu vida con Cecorent hoy!\",\"breadcrumb\":{\"@id\":\"https:\/\/cecorent.cecotec.es\/cecorent\/runfit-sprint-vibrator\/#breadcrumb\"},\"inLanguage\":\"es\",\"potentialAction\":[{\"@type\":\"ReadAction\",\"target\":[\"https:\/\/cecorent.cecotec.es\/cecorent\/runfit-sprint-vibrator\/\"]}]},{\"@type\":\"ImageObject\",\"inLanguage\":\"es\",\"@id\":\"https:\/\/cecorent.cecotec.es\/cecorent\/runfit-sprint-vibrator\/#primaryimage\",\"url\":\"https:\/\/cecotec.es\/cecorent\/wp-content\/uploads\/2024\/05\/sprint-vibrator_1.png\",\"contentUrl\":\"https:\/\/cecotec.es\/cecorent\/wp-content\/uploads\/2024\/05\/sprint-vibrator_1.png\",\"width\":2048,\"height\":2048},{\"@type\":\"BreadcrumbList\",\"@id\":\"https:\/\/cecorent.cecotec.es\/cecorent\/runfit-sprint-vibrator\/#breadcrumb\",\"itemListElement\":[{\"@type\":\"ListItem\",\"position\":1,\"name\":\"Inicio\",\"item\":\"https:\/\/cecotec.es\/cecorent\/\"},{\"@type\":\"ListItem\",\"position\":2,\"name\":\"Tienda\",\"item\":\"https:\/\/cecotec.es\/cecorent\/tienda\/\"},{\"@type\":\"ListItem\",\"position\":3,\"name\":\"Suscripci\u00f3n\",\"item\":\"https:\/\/cecotec.es\/cecorent\/suscripcion\/\"},{\"@type\":\"ListItem\",\"position\":4,\"name\":\"Fitness\",\"item\":\"https:\/\/cecotec.es\/cecorent\/fitness\/\"},{\"@type\":\"ListItem\",\"position\":5,\"name\":\"Cintas de Correr y Andar\",\"item\":\"https:\/\/cecorent.cecotec.es\/cecorent\/cintas-de-correr-y-andar\/\"},{\"@type\":\"ListItem\",\"position\":6,\"name\":\"Runfit Sprint Vibrator\"}]},{\"@type\":\"WebSite\",\"@id\":\"https:\/\/cecotec.es\/cecorent\/#website\",\"url\":\"https:\/\/cecotec.es\/cecorent\/\",\"name\":\"CecoRent\",\"description\":\"CecoRent\",\"publisher\":{\"@id\":\"https:\/\/cecotec.es\/cecorent\/#organization\"},\"potentialAction\":[{\"@type\":\"SearchAction\",\"target\":{\"@type\":\"EntryPoint\",\"urlTemplate\":\"https:\/\/cecotec.es\/cecorent\/?s={search_term_string}\"},\"query-input\":{\"@type\":\"PropertyValueSpecification\",\"valueRequired\":true,\"valueName\":\"search_term_string\"}}],\"inLanguage\":\"es\"},{\"@type\":\"Organization\",\"@id\":\"https:\/\/cecotec.es\/cecorent\/#organization\",\"name\":\"CecoRent\",\"url\":\"https:\/\/cecotec.es\/cecorent\/\",\"logo\":{\"@type\":\"ImageObject\",\"inLanguage\":\"es\",\"@id\":\"https:\/\/cecotec.es\/cecorent\/#\/schema\/logo\/image\/\",\"url\":\"https:\/\/cecotec.es\/cecorent\/wp-content\/uploads\/2022\/07\/CECORENT.png\",\"contentUrl\":\"https:\/\/cecotec.es\/cecorent\/wp-content\/uploads\/2022\/07\/CECORENT.png\",\"width\":184,\"height\":24,\"caption\":\"CecoRent\"},\"image\":{\"@id\":\"https:\/\/cecotec.es\/cecorent\/#\/schema\/logo\/image\/\"}}]}<\/script>\n<!-- \/ Yoast SEO plugin. -->","yoast_head_json":{"title":"Alquiler de Runfit Sprint Vibrator | CecoRent by Cecotec","description":"Disponible el alquiler de Runfit Sprint Vibrator de Cecotec. Alquiler y suscripci\u00f3n con env\u00edo gratuito para toda la Pen\u00ednsula. \u00a1Mejora tu vida con Cecorent hoy!","robots":{"index":"index","follow":"follow","max-snippet":"max-snippet:-1","max-image-preview":"max-image-preview:large","max-video-preview":"max-video-preview:-1"},"canonical":"https:\/\/cecorent.cecotec.es\/cecorent\/runfit-sprint-vibrator\/","og_locale":"es_ES","og_type":"article","og_title":"Alquiler de Runfit Sprint Vibrator | CecoRent by Cecotec","og_description":"Disponible el alquiler de Runfit Sprint Vibrator de Cecotec. Alquiler y suscripci\u00f3n con env\u00edo gratuito para toda la Pen\u00ednsula. \u00a1Mejora tu vida con Cecorent hoy!","og_url":"https:\/\/cecorent.cecotec.es\/cecorent\/runfit-sprint-vibrator\/","og_site_name":"CecoRent","article_modified_time":"2025-03-20T20:27:37+00:00","og_image":[{"width":1024,"height":1024,"url":"https:\/\/cecorent.cecotec.es\/cecorent\/wp-content\/uploads\/2024\/05\/sprint-vibrator_1-1024x1024.png","type":"image\/png"}],"twitter_card":"summary_large_image","twitter_misc":{"Tiempo de lectura":"1 minuto"},"schema":{"@context":"https:\/\/schema.org","@graph":[{"@type":"WebPage","@id":"https:\/\/cecorent.cecotec.es\/cecorent\/runfit-sprint-vibrator\/","url":"https:\/\/cecorent.cecotec.es\/cecorent\/runfit-sprint-vibrator\/","name":"Alquiler de Runfit Sprint Vibrator | CecoRent by Cecotec","isPartOf":{"@id":"https:\/\/cecotec.es\/cecorent\/#website"},"primaryImageOfPage":{"@id":"https:\/\/cecorent.cecotec.es\/cecorent\/runfit-sprint-vibrator\/#primaryimage"},"image":{"@id":"https:\/\/cecorent.cecotec.es\/cecorent\/runfit-sprint-vibrator\/#primaryimage"},"thumbnailUrl":"https:\/\/cecotec.es\/cecorent\/wp-content\/uploads\/2024\/05\/sprint-vibrator_1.png","datePublished":"2024-05-21T10:40:46+00:00","dateModified":"2025-03-20T20:27:37+00:00","description":"Disponible el alquiler de Runfit Sprint Vibrator de Cecotec. Alquiler y suscripci\u00f3n con env\u00edo gratuito para toda la Pen\u00ednsula. \u00a1Mejora tu vida con Cecorent hoy!","breadcrumb":{"@id":"https:\/\/cecorent.cecotec.es\/cecorent\/runfit-sprint-vibrator\/#breadcrumb"},"inLanguage":"es","potentialAction":[{"@type":"ReadAction","target":["https:\/\/cecorent.cecotec.es\/cecorent\/runfit-sprint-vibrator\/"]}]},{"@type":"ImageObject","inLanguage":"es","@id":"https:\/\/cecorent.cecotec.es\/cecorent\/runfit-sprint-vibrator\/#primaryimage","url":"https:\/\/cecotec.es\/cecorent\/wp-content\/uploads\/2024\/05\/sprint-vibrator_1.png","contentUrl":"https:\/\/cecotec.es\/cecorent\/wp-content\/uploads\/2024\/05\/sprint-vibrator_1.png","width":2048,"height":2048},{"@type":"BreadcrumbList","@id":"https:\/\/cecorent.cecotec.es\/cecorent\/runfit-sprint-vibrator\/#breadcrumb","itemListElement":[{"@type":"ListItem","position":1,"name":"Inicio","item":"https:\/\/cecotec.es\/cecorent\/"},{"@type":"ListItem","position":2,"name":"Tienda","item":"https:\/\/cecotec.es\/cecorent\/tienda\/"},{"@type":"ListItem","position":3,"name":"Suscripci\u00f3n","item":"https:\/\/cecotec.es\/cecorent\/suscripcion\/"},{"@type":"ListItem","position":4,"name":"Fitness","item":"https:\/\/cecotec.es\/cecorent\/fitness\/"},{"@type":"ListItem","position":5,"name":"Cintas de Correr y Andar","item":"https:\/\/cecorent.cecotec.es\/cecorent\/cintas-de-correr-y-andar\/"},{"@type":"ListItem","position":6,"name":"Runfit Sprint Vibrator"}]},{"@type":"WebSite","@id":"https:\/\/cecotec.es\/cecorent\/#website","url":"https:\/\/cecotec.es\/cecorent\/","name":"CecoRent","description":"CecoRent","publisher":{"@id":"https:\/\/cecotec.es\/cecorent\/#organization"},"potentialAction":[{"@type":"SearchAction","target":{"@type":"EntryPoint","urlTemplate":"https:\/\/cecotec.es\/cecorent\/?s={search_term_string}"},"query-input":{"@type":"PropertyValueSpecification","valueRequired":true,"valueName":"search_term_string"}}],"inLanguage":"es"},{"@type":"Organization","@id":"https:\/\/cecotec.es\/cecorent\/#organization","name":"CecoRent","url":"https:\/\/cecotec.es\/cecorent\/","logo":{"@type":"ImageObject","inLanguage":"es","@id":"https:\/\/cecotec.es\/cecorent\/#\/schema\/logo\/image\/","url":"https:\/\/cecotec.es\/cecorent\/wp-content\/uploads\/2022\/07\/CECORENT.png","contentUrl":"https:\/\/cecotec.es\/cecorent\/wp-content\/uploads\/2022\/07\/CECORENT.png","width":184,"height":24,"caption":"CecoRent"},"image":{"@id":"https:\/\/cecotec.es\/cecorent\/#\/schema\/logo\/image\/"}}]}},"_links":{"self":[{"href":"https:\/\/cecotec.es\/cecorent\/wp-json\/wp\/v2\/product\/19538"}],"collection":[{"href":"https:\/\/cecotec.es\/cecorent\/wp-json\/wp\/v2\/product"}],"about":[{"href":"https:\/\/cecotec.es\/cecorent\/wp-json\/wp\/v2\/types\/product"}],"wp:featuredmedia":[{"embeddable":true,"href":"https:\/\/cecotec.es\/cecorent\/wp-json\/wp\/v2\/media\/19544"}],"wp:attachment":[{"href":"https:\/\/cecotec.es\/cecorent\/wp-json\/wp\/v2\/media?parent=19538"}],"wp:term":[{"taxonomy":"product_brand","embeddable":true,"href":"https:\/\/cecotec.es\/cecorent\/wp-json\/wp\/v2\/product_brand?post=19538"},{"taxonomy":"product_cat","embeddable":true,"href":"https:\/\/cecotec.es\/cecorent\/wp-json\/wp\/v2\/product_cat?post=19538"},{"taxonomy":"product_tag","embeddable":true,"href":"https:\/\/cecotec.es\/cecorent\/wp-json\/wp\/v2\/product_tag?post=19538"}],"curies":[{"name":"wp","href":"https:\/\/api.w.org\/{rel}","templated":true}]}}