{"id":18954,"date":"2024-03-07T17:16:26","date_gmt":"2024-03-07T16:16:26","guid":{"rendered":"https:\/\/cecotec.es\/cecorent\/?post_type=product&#038;p=18954"},"modified":"2025-05-27T18:06:44","modified_gmt":"2025-05-27T16:06:44","slug":"conga-2499-ultra-home-titanium","status":"publish","type":"product","link":"https:\/\/cecotec.es\/cecorent\/conga-2499-ultra-home-titanium\/","title":{"rendered":"Conga 2499 Ultra Home Titanium"},"content":{"rendered":"<ul>\n<li>iTech SmartGyro 4.0: navegaci\u00f3n gyro para una limpieza ordenada de todas las estancias en un tiempo moderado.<\/li>\n<li>4 IN 1: robot aspirador que barre, aspira, pasa la mopa y friega.<\/li>\n<li>Base de autovaciado: el robot vac\u00eda autom\u00e1ticamente su dep\u00f3sito en la base gracias su tecnolog\u00eda Base-Smart Clean.<\/li>\n<li>Gran autonom\u00eda: disfruta de hasta 160 minutos de autonom\u00eda gracias a su bater\u00eda de 2600 mAh. Adem\u00e1s, su tecnolog\u00eda Total Surface permite que el robot se cargue autom\u00e1ticamente y retome la limpieza en el mismo punto donde se qued\u00f3.<\/li>\n<li>Fuerte potencia de succi\u00f3n: obt\u00e9n una limpieza total gracias a los 2100 Pa de succi\u00f3n de tu aspirador.<\/li>\n<li>Cepillo multifunci\u00f3n: el cepillo Brush Pro que cuenta con cerdas y silicona de goma es ideal para alfombras y desincrustar todo tipo de suciedad.<\/li>\n<li>Ideal para alfombras: gracias a su tecnolog\u00eda Clean Carpet, el robot cuenta con un Modo Turbo id\u00f3neo para la limpieza de alfombras.<\/li>\n<li>Dos cepillos laterales: aumenta el alcance de aspirado para una limpieza m\u00e1s eficaz.<\/li>\n<li>Capacidad de 3 L: el robot cuenta con una bolsa de 3 L de capacidad para recoger la suciedad.<\/li>\n<li>6 modos de limpieza: auto, aleatorio, fregado, espiral, bordes y manual para adaptar tu limpieza a tus necesidades.<\/li>\n<li>BagDetect: el sistema detecta si dispone de bolsa y, en su defecto, te avisa. Tambi\u00e9n dispone de bolsas higi\u00e9nicas para no mancharte ni entrar en contacto directo con el polvo y la suciedad.<\/li>\n<li>APP Control: controla desde tu smartphone los programas, la potencia, el fregado y el historial de tu robot aspirador.<\/li>\n<\/ul>\n","protected":false},"excerpt":{"rendered":"<ul>\n<li>Robot aspirador<\/li>\n<li>Base de autovaciado<\/li>\n<li>Bolsa de polvo<\/li>\n<li>2 cepillos laterales<\/li>\n<li>Cepillo autolimpieza<\/li>\n<li>Dep\u00f3sito mixto<\/li>\n<li>2 mopas de fregado<\/li>\n<li>Manual de instrucciones<\/li>\n<\/ul>\n","protected":false},"featured_media":18955,"template":"","meta":{"content-type":""},"product_brand":[],"product_cat":[159],"product_tag":[],"class_list":{"0":"post-18954","1":"product","2":"type-product","3":"status-publish","4":"has-post-thumbnail","6":"product_cat-robots-aspiradores","8":"first","9":"outofstock","10":"shipping-taxable","11":"purchasable","12":"product-type-simple"},"acf":[],"yoast_head":"<!-- This site is optimized with the Yoast SEO plugin v23.4 - https:\/\/yoast.com\/wordpress\/plugins\/seo\/ -->\n<title>Alquiler de Conga 2499 Ultra Home Titanium | CecoRent by Cecotec<\/title>\n<meta name=\"description\" content=\"Disponible el alquiler de Conga 2499 Ultra Home Titanium de Cecotec. Alquiler y suscripci\u00f3n con env\u00edo gratuito para toda la Pen\u00ednsula. \u00a1Mejora tu vida con Cecorent hoy!\" \/>\n<meta name=\"robots\" content=\"index, follow, max-snippet:-1, max-image-preview:large, max-video-preview:-1\" \/>\n<link rel=\"canonical\" href=\"https:\/\/cecotec.es\/cecorent\/conga-2499-ultra-home-titanium\/\" \/>\n<meta property=\"og:locale\" content=\"es_ES\" \/>\n<meta property=\"og:type\" content=\"article\" \/>\n<meta property=\"og:title\" content=\"Alquiler de Conga 2499 Ultra Home Titanium | CecoRent by Cecotec\" \/>\n<meta property=\"og:description\" content=\"Disponible el alquiler de Conga 2499 Ultra Home Titanium de Cecotec. Alquiler y suscripci\u00f3n con env\u00edo gratuito para toda la Pen\u00ednsula. \u00a1Mejora tu vida con Cecorent hoy!\" \/>\n<meta property=\"og:url\" content=\"https:\/\/cecotec.es\/cecorent\/conga-2499-ultra-home-titanium\/\" \/>\n<meta property=\"og:site_name\" content=\"CecoRent\" \/>\n<meta property=\"article:modified_time\" content=\"2025-05-27T16:06:44+00:00\" \/>\n<meta property=\"og:image\" content=\"https:\/\/cecotec.es\/cecorent\/wp-content\/uploads\/2024\/03\/conga-2499-ultra-home-titanium_wd6vy8_1.png\" \/>\n\t<meta property=\"og:image:width\" content=\"1\" \/>\n\t<meta property=\"og:image:height\" content=\"1\" \/>\n\t<meta property=\"og:image:type\" content=\"image\/png\" \/>\n<meta name=\"twitter:card\" content=\"summary_large_image\" \/>\n<meta name=\"twitter:label1\" content=\"Tiempo de lectura\" \/>\n\t<meta name=\"twitter:data1\" content=\"2 minutos\" \/>\n<script type=\"application\/ld+json\" class=\"yoast-schema-graph\">{\"@context\":\"https:\/\/schema.org\",\"@graph\":[{\"@type\":\"WebPage\",\"@id\":\"https:\/\/cecotec.es\/cecorent\/conga-2499-ultra-home-titanium\/\",\"url\":\"https:\/\/cecotec.es\/cecorent\/conga-2499-ultra-home-titanium\/\",\"name\":\"Alquiler de Conga 2499 Ultra Home Titanium | CecoRent by Cecotec\",\"isPartOf\":{\"@id\":\"https:\/\/cecorent.cecotec.es\/cecorent\/#website\"},\"primaryImageOfPage\":{\"@id\":\"https:\/\/cecotec.es\/cecorent\/conga-2499-ultra-home-titanium\/#primaryimage\"},\"image\":{\"@id\":\"https:\/\/cecotec.es\/cecorent\/conga-2499-ultra-home-titanium\/#primaryimage\"},\"thumbnailUrl\":\"https:\/\/cecotec.es\/cecorent\/wp-content\/uploads\/2024\/03\/conga-2499-ultra-home-titanium_wd6vy8_1.png\",\"datePublished\":\"2024-03-07T16:16:26+00:00\",\"dateModified\":\"2025-05-27T16:06:44+00:00\",\"description\":\"Disponible el alquiler de Conga 2499 Ultra Home Titanium de Cecotec. Alquiler y suscripci\u00f3n con env\u00edo gratuito para toda la Pen\u00ednsula. \u00a1Mejora tu vida con Cecorent hoy!\",\"breadcrumb\":{\"@id\":\"https:\/\/cecotec.es\/cecorent\/conga-2499-ultra-home-titanium\/#breadcrumb\"},\"inLanguage\":\"es\",\"potentialAction\":[{\"@type\":\"ReadAction\",\"target\":[\"https:\/\/cecotec.es\/cecorent\/conga-2499-ultra-home-titanium\/\"]}]},{\"@type\":\"ImageObject\",\"inLanguage\":\"es\",\"@id\":\"https:\/\/cecotec.es\/cecorent\/conga-2499-ultra-home-titanium\/#primaryimage\",\"url\":\"https:\/\/cecotec.es\/cecorent\/wp-content\/uploads\/2024\/03\/conga-2499-ultra-home-titanium_wd6vy8_1.png\",\"contentUrl\":\"https:\/\/cecotec.es\/cecorent\/wp-content\/uploads\/2024\/03\/conga-2499-ultra-home-titanium_wd6vy8_1.png\",\"caption\":\"Conga 2499 Ultra Home Titanium\"},{\"@type\":\"BreadcrumbList\",\"@id\":\"https:\/\/cecotec.es\/cecorent\/conga-2499-ultra-home-titanium\/#breadcrumb\",\"itemListElement\":[{\"@type\":\"ListItem\",\"position\":1,\"name\":\"Inicio\",\"item\":\"https:\/\/cecorent.cecotec.es\/cecorent\/\"},{\"@type\":\"ListItem\",\"position\":2,\"name\":\"Tienda\",\"item\":\"https:\/\/cecorent.cecotec.es\/cecorent\/tienda\/\"},{\"@type\":\"ListItem\",\"position\":3,\"name\":\"Alquiler\",\"item\":\"https:\/\/cecotec.es\/cecorent\/alquiler\/\"},{\"@type\":\"ListItem\",\"position\":4,\"name\":\"Aspiradores\",\"item\":\"https:\/\/cecotec.es\/cecorent\/aspiracion\/\"},{\"@type\":\"ListItem\",\"position\":5,\"name\":\"Robots aspiradores\",\"item\":\"https:\/\/cecotec.es\/cecorent\/robots-aspiradores\/\"},{\"@type\":\"ListItem\",\"position\":6,\"name\":\"Conga 2499 Ultra Home Titanium\"}]},{\"@type\":\"WebSite\",\"@id\":\"https:\/\/cecorent.cecotec.es\/cecorent\/#website\",\"url\":\"https:\/\/cecorent.cecotec.es\/cecorent\/\",\"name\":\"CecoRent\",\"description\":\"CecoRent\",\"publisher\":{\"@id\":\"https:\/\/cecorent.cecotec.es\/cecorent\/#organization\"},\"potentialAction\":[{\"@type\":\"SearchAction\",\"target\":{\"@type\":\"EntryPoint\",\"urlTemplate\":\"https:\/\/cecorent.cecotec.es\/cecorent\/?s={search_term_string}\"},\"query-input\":{\"@type\":\"PropertyValueSpecification\",\"valueRequired\":true,\"valueName\":\"search_term_string\"}}],\"inLanguage\":\"es\"},{\"@type\":\"Organization\",\"@id\":\"https:\/\/cecorent.cecotec.es\/cecorent\/#organization\",\"name\":\"CecoRent\",\"url\":\"https:\/\/cecorent.cecotec.es\/cecorent\/\",\"logo\":{\"@type\":\"ImageObject\",\"inLanguage\":\"es\",\"@id\":\"https:\/\/cecorent.cecotec.es\/cecorent\/#\/schema\/logo\/image\/\",\"url\":\"https:\/\/cecotec.es\/cecorent\/wp-content\/uploads\/2022\/07\/CECORENT.png\",\"contentUrl\":\"https:\/\/cecotec.es\/cecorent\/wp-content\/uploads\/2022\/07\/CECORENT.png\",\"width\":184,\"height\":24,\"caption\":\"CecoRent\"},\"image\":{\"@id\":\"https:\/\/cecorent.cecotec.es\/cecorent\/#\/schema\/logo\/image\/\"}}]}<\/script>\n<!-- \/ Yoast SEO plugin. -->","yoast_head_json":{"title":"Alquiler de Conga 2499 Ultra Home Titanium | CecoRent by Cecotec","description":"Disponible el alquiler de Conga 2499 Ultra Home Titanium de Cecotec. Alquiler y suscripci\u00f3n con env\u00edo gratuito para toda la Pen\u00ednsula. \u00a1Mejora tu vida con Cecorent hoy!","robots":{"index":"index","follow":"follow","max-snippet":"max-snippet:-1","max-image-preview":"max-image-preview:large","max-video-preview":"max-video-preview:-1"},"canonical":"https:\/\/cecotec.es\/cecorent\/conga-2499-ultra-home-titanium\/","og_locale":"es_ES","og_type":"article","og_title":"Alquiler de Conga 2499 Ultra Home Titanium | CecoRent by Cecotec","og_description":"Disponible el alquiler de Conga 2499 Ultra Home Titanium de Cecotec. Alquiler y suscripci\u00f3n con env\u00edo gratuito para toda la Pen\u00ednsula. \u00a1Mejora tu vida con Cecorent hoy!","og_url":"https:\/\/cecotec.es\/cecorent\/conga-2499-ultra-home-titanium\/","og_site_name":"CecoRent","article_modified_time":"2025-05-27T16:06:44+00:00","og_image":[{"url":"https:\/\/cecotec.es\/cecorent\/wp-content\/uploads\/2024\/03\/conga-2499-ultra-home-titanium_wd6vy8_1.png","width":1,"height":1,"type":"image\/png"}],"twitter_card":"summary_large_image","twitter_misc":{"Tiempo de lectura":"2 minutos"},"schema":{"@context":"https:\/\/schema.org","@graph":[{"@type":"WebPage","@id":"https:\/\/cecotec.es\/cecorent\/conga-2499-ultra-home-titanium\/","url":"https:\/\/cecotec.es\/cecorent\/conga-2499-ultra-home-titanium\/","name":"Alquiler de Conga 2499 Ultra Home Titanium | CecoRent by Cecotec","isPartOf":{"@id":"https:\/\/cecorent.cecotec.es\/cecorent\/#website"},"primaryImageOfPage":{"@id":"https:\/\/cecotec.es\/cecorent\/conga-2499-ultra-home-titanium\/#primaryimage"},"image":{"@id":"https:\/\/cecotec.es\/cecorent\/conga-2499-ultra-home-titanium\/#primaryimage"},"thumbnailUrl":"https:\/\/cecotec.es\/cecorent\/wp-content\/uploads\/2024\/03\/conga-2499-ultra-home-titanium_wd6vy8_1.png","datePublished":"2024-03-07T16:16:26+00:00","dateModified":"2025-05-27T16:06:44+00:00","description":"Disponible el alquiler de Conga 2499 Ultra Home Titanium de Cecotec. Alquiler y suscripci\u00f3n con env\u00edo gratuito para toda la Pen\u00ednsula. \u00a1Mejora tu vida con Cecorent hoy!","breadcrumb":{"@id":"https:\/\/cecotec.es\/cecorent\/conga-2499-ultra-home-titanium\/#breadcrumb"},"inLanguage":"es","potentialAction":[{"@type":"ReadAction","target":["https:\/\/cecotec.es\/cecorent\/conga-2499-ultra-home-titanium\/"]}]},{"@type":"ImageObject","inLanguage":"es","@id":"https:\/\/cecotec.es\/cecorent\/conga-2499-ultra-home-titanium\/#primaryimage","url":"https:\/\/cecotec.es\/cecorent\/wp-content\/uploads\/2024\/03\/conga-2499-ultra-home-titanium_wd6vy8_1.png","contentUrl":"https:\/\/cecotec.es\/cecorent\/wp-content\/uploads\/2024\/03\/conga-2499-ultra-home-titanium_wd6vy8_1.png","caption":"Conga 2499 Ultra Home Titanium"},{"@type":"BreadcrumbList","@id":"https:\/\/cecotec.es\/cecorent\/conga-2499-ultra-home-titanium\/#breadcrumb","itemListElement":[{"@type":"ListItem","position":1,"name":"Inicio","item":"https:\/\/cecorent.cecotec.es\/cecorent\/"},{"@type":"ListItem","position":2,"name":"Tienda","item":"https:\/\/cecorent.cecotec.es\/cecorent\/tienda\/"},{"@type":"ListItem","position":3,"name":"Alquiler","item":"https:\/\/cecotec.es\/cecorent\/alquiler\/"},{"@type":"ListItem","position":4,"name":"Aspiradores","item":"https:\/\/cecotec.es\/cecorent\/aspiracion\/"},{"@type":"ListItem","position":5,"name":"Robots aspiradores","item":"https:\/\/cecotec.es\/cecorent\/robots-aspiradores\/"},{"@type":"ListItem","position":6,"name":"Conga 2499 Ultra Home Titanium"}]},{"@type":"WebSite","@id":"https:\/\/cecorent.cecotec.es\/cecorent\/#website","url":"https:\/\/cecorent.cecotec.es\/cecorent\/","name":"CecoRent","description":"CecoRent","publisher":{"@id":"https:\/\/cecorent.cecotec.es\/cecorent\/#organization"},"potentialAction":[{"@type":"SearchAction","target":{"@type":"EntryPoint","urlTemplate":"https:\/\/cecorent.cecotec.es\/cecorent\/?s={search_term_string}"},"query-input":{"@type":"PropertyValueSpecification","valueRequired":true,"valueName":"search_term_string"}}],"inLanguage":"es"},{"@type":"Organization","@id":"https:\/\/cecorent.cecotec.es\/cecorent\/#organization","name":"CecoRent","url":"https:\/\/cecorent.cecotec.es\/cecorent\/","logo":{"@type":"ImageObject","inLanguage":"es","@id":"https:\/\/cecorent.cecotec.es\/cecorent\/#\/schema\/logo\/image\/","url":"https:\/\/cecotec.es\/cecorent\/wp-content\/uploads\/2022\/07\/CECORENT.png","contentUrl":"https:\/\/cecotec.es\/cecorent\/wp-content\/uploads\/2022\/07\/CECORENT.png","width":184,"height":24,"caption":"CecoRent"},"image":{"@id":"https:\/\/cecorent.cecotec.es\/cecorent\/#\/schema\/logo\/image\/"}}]}},"_links":{"self":[{"href":"https:\/\/cecotec.es\/cecorent\/wp-json\/wp\/v2\/product\/18954"}],"collection":[{"href":"https:\/\/cecotec.es\/cecorent\/wp-json\/wp\/v2\/product"}],"about":[{"href":"https:\/\/cecotec.es\/cecorent\/wp-json\/wp\/v2\/types\/product"}],"wp:featuredmedia":[{"embeddable":true,"href":"https:\/\/cecotec.es\/cecorent\/wp-json\/wp\/v2\/media\/18955"}],"wp:attachment":[{"href":"https:\/\/cecotec.es\/cecorent\/wp-json\/wp\/v2\/media?parent=18954"}],"wp:term":[{"taxonomy":"product_brand","embeddable":true,"href":"https:\/\/cecotec.es\/cecorent\/wp-json\/wp\/v2\/product_brand?post=18954"},{"taxonomy":"product_cat","embeddable":true,"href":"https:\/\/cecotec.es\/cecorent\/wp-json\/wp\/v2\/product_cat?post=18954"},{"taxonomy":"product_tag","embeddable":true,"href":"https:\/\/cecotec.es\/cecorent\/wp-json\/wp\/v2\/product_tag?post=18954"}],"curies":[{"name":"wp","href":"https:\/\/api.w.org\/{rel}","templated":true}]}}