{"id":18915,"date":"2024-03-07T17:16:05","date_gmt":"2024-03-07T16:16:05","guid":{"rendered":"https:\/\/cecotec.es\/cecorent\/?post_type=product&#038;p=18915"},"modified":"2025-05-27T18:07:29","modified_gmt":"2025-05-27T16:07:29","slug":"conga-3000-carpetclean","status":"publish","type":"product","link":"https:\/\/cecotec.es\/cecorent\/conga-3000-carpetclean\/","title":{"rendered":"Conga 3000 CarpetClean"},"content":{"rendered":"<ul>\n<li>Limpieza 3 en 1: pulveriza, limpia y aspira para dejar todas tus tapicer\u00edas como nuevas.<\/li>\n<li>Potencias de 400 W: limpia en profundidad y elimina la suciedad sin esfuerzo.<\/li>\n<li>Aspira s\u00f3lidos y l\u00edquidos: arrasa con la suciedad y las manchas al mismo tiempo.<\/li>\n<li>Spray integrado: desincrusta la suciedad m\u00e1s dif\u00edcil para acabar con todas las manchas.<\/li>\n<li>Gran versatilidad: limpia tu casa, coche y otras tapicer\u00edas de forma efectiva gracias a la combinaci\u00f3n de su potencia, radio de acci\u00f3n y accesorios.<\/li>\n<li>Radio de acci\u00f3n de 7,2 m: acaba con toda la suciedad, incluso la m\u00e1s escondida.<\/li>\n<li>Doble dep\u00f3sito: su dise\u00f1o cuenta con un dep\u00f3sito de agua sucia de 0,5 L y otro independiente de limpia de 1,2 L para que puedas limpiar siempre de la forma m\u00e1s efectiva.<\/li>\n<li>Accesorios: limpia m\u00faltiples superficies de forma efectiva y sin da\u00f1arlas gracias a sus diferentes cabezales.<\/li>\n<\/ul>\n","protected":false},"excerpt":{"rendered":"<ul>\n<li>Aspirador de tapicer\u00edas<\/li>\n<li>Boquilla de aspiraci\u00f3n en \u00e1ngulo recto<\/li>\n<li>Boquilla de aspiraci\u00f3n de agua con cepillo<\/li>\n<li>Cargador<\/li>\n<li>Dep\u00f3sito de agua limpia<\/li>\n<li>Dep\u00f3sito de agua sucia<\/li>\n<li>Manual de instrucciones<\/li>\n<\/ul>\n","protected":false},"featured_media":18916,"template":"","meta":{"content-type":""},"product_brand":[],"product_cat":[207],"product_tag":[214],"class_list":{"0":"post-18915","1":"product","2":"type-product","3":"status-publish","4":"has-post-thumbnail","6":"product_cat-aspiradores-de-tapicerias","7":"product_tag-disponible","9":"first","10":"outofstock","11":"shipping-taxable","12":"purchasable","13":"product-type-simple"},"acf":[],"yoast_head":"<!-- This site is optimized with the Yoast SEO plugin v23.4 - https:\/\/yoast.com\/wordpress\/plugins\/seo\/ -->\n<title>Alquiler de Conga 3000 CarpetClean | CecoRent by Cecotec<\/title>\n<meta name=\"description\" content=\"Disponible el alquiler de Conga 3000 CarpetClean de Cecotec. Alquiler y suscripci\u00f3n con env\u00edo gratuito para toda la Pen\u00ednsula. \u00a1Mejora tu vida con Cecorent hoy!\" \/>\n<meta name=\"robots\" content=\"index, follow, max-snippet:-1, max-image-preview:large, max-video-preview:-1\" \/>\n<link rel=\"canonical\" href=\"https:\/\/cecotec.es\/cecorent\/conga-3000-carpetclean\/\" \/>\n<meta property=\"og:locale\" content=\"es_ES\" \/>\n<meta property=\"og:type\" content=\"article\" \/>\n<meta property=\"og:title\" content=\"Alquiler de Conga 3000 CarpetClean | CecoRent by Cecotec\" \/>\n<meta property=\"og:description\" content=\"Disponible el alquiler de Conga 3000 CarpetClean de Cecotec. Alquiler y suscripci\u00f3n con env\u00edo gratuito para toda la Pen\u00ednsula. \u00a1Mejora tu vida con Cecorent hoy!\" \/>\n<meta property=\"og:url\" content=\"https:\/\/cecotec.es\/cecorent\/conga-3000-carpetclean\/\" \/>\n<meta property=\"og:site_name\" content=\"CecoRent\" \/>\n<meta property=\"article:modified_time\" content=\"2025-05-27T16:07:29+00:00\" \/>\n<meta property=\"og:image\" content=\"https:\/\/cecotec.es\/cecorent\/wp-content\/uploads\/2024\/03\/conga-popstar-3000-carpetclean_9sycxy_1.png\" \/>\n\t<meta property=\"og:image:width\" content=\"1\" \/>\n\t<meta property=\"og:image:height\" content=\"1\" \/>\n\t<meta property=\"og:image:type\" content=\"image\/png\" \/>\n<meta name=\"twitter:card\" content=\"summary_large_image\" \/>\n<meta name=\"twitter:label1\" content=\"Tiempo de lectura\" \/>\n\t<meta name=\"twitter:data1\" content=\"1 minuto\" \/>\n<script type=\"application\/ld+json\" class=\"yoast-schema-graph\">{\"@context\":\"https:\/\/schema.org\",\"@graph\":[{\"@type\":\"WebPage\",\"@id\":\"https:\/\/cecotec.es\/cecorent\/conga-3000-carpetclean\/\",\"url\":\"https:\/\/cecotec.es\/cecorent\/conga-3000-carpetclean\/\",\"name\":\"Alquiler de Conga 3000 CarpetClean | CecoRent by Cecotec\",\"isPartOf\":{\"@id\":\"https:\/\/cecotec.es\/cecorent\/#website\"},\"primaryImageOfPage\":{\"@id\":\"https:\/\/cecotec.es\/cecorent\/conga-3000-carpetclean\/#primaryimage\"},\"image\":{\"@id\":\"https:\/\/cecotec.es\/cecorent\/conga-3000-carpetclean\/#primaryimage\"},\"thumbnailUrl\":\"https:\/\/cecotec.es\/cecorent\/wp-content\/uploads\/2024\/03\/conga-popstar-3000-carpetclean_9sycxy_1.png\",\"datePublished\":\"2024-03-07T16:16:05+00:00\",\"dateModified\":\"2025-05-27T16:07:29+00:00\",\"description\":\"Disponible el alquiler de Conga 3000 CarpetClean de Cecotec. Alquiler y suscripci\u00f3n con env\u00edo gratuito para toda la Pen\u00ednsula. \u00a1Mejora tu vida con Cecorent hoy!\",\"breadcrumb\":{\"@id\":\"https:\/\/cecotec.es\/cecorent\/conga-3000-carpetclean\/#breadcrumb\"},\"inLanguage\":\"es\",\"potentialAction\":[{\"@type\":\"ReadAction\",\"target\":[\"https:\/\/cecotec.es\/cecorent\/conga-3000-carpetclean\/\"]}]},{\"@type\":\"ImageObject\",\"inLanguage\":\"es\",\"@id\":\"https:\/\/cecotec.es\/cecorent\/conga-3000-carpetclean\/#primaryimage\",\"url\":\"https:\/\/cecotec.es\/cecorent\/wp-content\/uploads\/2024\/03\/conga-popstar-3000-carpetclean_9sycxy_1.png\",\"contentUrl\":\"https:\/\/cecotec.es\/cecorent\/wp-content\/uploads\/2024\/03\/conga-popstar-3000-carpetclean_9sycxy_1.png\",\"caption\":\"Conga 3000 CarpetClean\"},{\"@type\":\"BreadcrumbList\",\"@id\":\"https:\/\/cecotec.es\/cecorent\/conga-3000-carpetclean\/#breadcrumb\",\"itemListElement\":[{\"@type\":\"ListItem\",\"position\":1,\"name\":\"Inicio\",\"item\":\"https:\/\/cecotec.es\/cecorent\/\"},{\"@type\":\"ListItem\",\"position\":2,\"name\":\"Tienda\",\"item\":\"https:\/\/cecotec.es\/cecorent\/tienda\/\"},{\"@type\":\"ListItem\",\"position\":3,\"name\":\"Alquiler\",\"item\":\"https:\/\/cecorent.cecotec.es\/cecorent\/alquiler\/\"},{\"@type\":\"ListItem\",\"position\":4,\"name\":\"Aspiradores\",\"item\":\"https:\/\/cecorent.cecotec.es\/cecorent\/aspiracion\/\"},{\"@type\":\"ListItem\",\"position\":5,\"name\":\"Aspiradores de Tapicer\u00edas\",\"item\":\"https:\/\/cecotec.es\/cecorent\/aspiradores-de-tapicerias\/\"},{\"@type\":\"ListItem\",\"position\":6,\"name\":\"Conga 3000 CarpetClean\"}]},{\"@type\":\"WebSite\",\"@id\":\"https:\/\/cecotec.es\/cecorent\/#website\",\"url\":\"https:\/\/cecotec.es\/cecorent\/\",\"name\":\"CecoRent\",\"description\":\"CecoRent\",\"publisher\":{\"@id\":\"https:\/\/cecotec.es\/cecorent\/#organization\"},\"potentialAction\":[{\"@type\":\"SearchAction\",\"target\":{\"@type\":\"EntryPoint\",\"urlTemplate\":\"https:\/\/cecotec.es\/cecorent\/?s={search_term_string}\"},\"query-input\":{\"@type\":\"PropertyValueSpecification\",\"valueRequired\":true,\"valueName\":\"search_term_string\"}}],\"inLanguage\":\"es\"},{\"@type\":\"Organization\",\"@id\":\"https:\/\/cecotec.es\/cecorent\/#organization\",\"name\":\"CecoRent\",\"url\":\"https:\/\/cecotec.es\/cecorent\/\",\"logo\":{\"@type\":\"ImageObject\",\"inLanguage\":\"es\",\"@id\":\"https:\/\/cecotec.es\/cecorent\/#\/schema\/logo\/image\/\",\"url\":\"https:\/\/cecotec.es\/cecorent\/wp-content\/uploads\/2022\/07\/CECORENT.png\",\"contentUrl\":\"https:\/\/cecotec.es\/cecorent\/wp-content\/uploads\/2022\/07\/CECORENT.png\",\"width\":184,\"height\":24,\"caption\":\"CecoRent\"},\"image\":{\"@id\":\"https:\/\/cecotec.es\/cecorent\/#\/schema\/logo\/image\/\"}}]}<\/script>\n<!-- \/ Yoast SEO plugin. -->","yoast_head_json":{"title":"Alquiler de Conga 3000 CarpetClean | CecoRent by Cecotec","description":"Disponible el alquiler de Conga 3000 CarpetClean de Cecotec. Alquiler y suscripci\u00f3n con env\u00edo gratuito para toda la Pen\u00ednsula. \u00a1Mejora tu vida con Cecorent hoy!","robots":{"index":"index","follow":"follow","max-snippet":"max-snippet:-1","max-image-preview":"max-image-preview:large","max-video-preview":"max-video-preview:-1"},"canonical":"https:\/\/cecotec.es\/cecorent\/conga-3000-carpetclean\/","og_locale":"es_ES","og_type":"article","og_title":"Alquiler de Conga 3000 CarpetClean | CecoRent by Cecotec","og_description":"Disponible el alquiler de Conga 3000 CarpetClean de Cecotec. Alquiler y suscripci\u00f3n con env\u00edo gratuito para toda la Pen\u00ednsula. \u00a1Mejora tu vida con Cecorent hoy!","og_url":"https:\/\/cecotec.es\/cecorent\/conga-3000-carpetclean\/","og_site_name":"CecoRent","article_modified_time":"2025-05-27T16:07:29+00:00","og_image":[{"url":"https:\/\/cecotec.es\/cecorent\/wp-content\/uploads\/2024\/03\/conga-popstar-3000-carpetclean_9sycxy_1.png","width":1,"height":1,"type":"image\/png"}],"twitter_card":"summary_large_image","twitter_misc":{"Tiempo de lectura":"1 minuto"},"schema":{"@context":"https:\/\/schema.org","@graph":[{"@type":"WebPage","@id":"https:\/\/cecotec.es\/cecorent\/conga-3000-carpetclean\/","url":"https:\/\/cecotec.es\/cecorent\/conga-3000-carpetclean\/","name":"Alquiler de Conga 3000 CarpetClean | CecoRent by Cecotec","isPartOf":{"@id":"https:\/\/cecotec.es\/cecorent\/#website"},"primaryImageOfPage":{"@id":"https:\/\/cecotec.es\/cecorent\/conga-3000-carpetclean\/#primaryimage"},"image":{"@id":"https:\/\/cecotec.es\/cecorent\/conga-3000-carpetclean\/#primaryimage"},"thumbnailUrl":"https:\/\/cecotec.es\/cecorent\/wp-content\/uploads\/2024\/03\/conga-popstar-3000-carpetclean_9sycxy_1.png","datePublished":"2024-03-07T16:16:05+00:00","dateModified":"2025-05-27T16:07:29+00:00","description":"Disponible el alquiler de Conga 3000 CarpetClean de Cecotec. Alquiler y suscripci\u00f3n con env\u00edo gratuito para toda la Pen\u00ednsula. \u00a1Mejora tu vida con Cecorent hoy!","breadcrumb":{"@id":"https:\/\/cecotec.es\/cecorent\/conga-3000-carpetclean\/#breadcrumb"},"inLanguage":"es","potentialAction":[{"@type":"ReadAction","target":["https:\/\/cecotec.es\/cecorent\/conga-3000-carpetclean\/"]}]},{"@type":"ImageObject","inLanguage":"es","@id":"https:\/\/cecotec.es\/cecorent\/conga-3000-carpetclean\/#primaryimage","url":"https:\/\/cecotec.es\/cecorent\/wp-content\/uploads\/2024\/03\/conga-popstar-3000-carpetclean_9sycxy_1.png","contentUrl":"https:\/\/cecotec.es\/cecorent\/wp-content\/uploads\/2024\/03\/conga-popstar-3000-carpetclean_9sycxy_1.png","caption":"Conga 3000 CarpetClean"},{"@type":"BreadcrumbList","@id":"https:\/\/cecotec.es\/cecorent\/conga-3000-carpetclean\/#breadcrumb","itemListElement":[{"@type":"ListItem","position":1,"name":"Inicio","item":"https:\/\/cecotec.es\/cecorent\/"},{"@type":"ListItem","position":2,"name":"Tienda","item":"https:\/\/cecotec.es\/cecorent\/tienda\/"},{"@type":"ListItem","position":3,"name":"Alquiler","item":"https:\/\/cecorent.cecotec.es\/cecorent\/alquiler\/"},{"@type":"ListItem","position":4,"name":"Aspiradores","item":"https:\/\/cecorent.cecotec.es\/cecorent\/aspiracion\/"},{"@type":"ListItem","position":5,"name":"Aspiradores de Tapicer\u00edas","item":"https:\/\/cecotec.es\/cecorent\/aspiradores-de-tapicerias\/"},{"@type":"ListItem","position":6,"name":"Conga 3000 CarpetClean"}]},{"@type":"WebSite","@id":"https:\/\/cecotec.es\/cecorent\/#website","url":"https:\/\/cecotec.es\/cecorent\/","name":"CecoRent","description":"CecoRent","publisher":{"@id":"https:\/\/cecotec.es\/cecorent\/#organization"},"potentialAction":[{"@type":"SearchAction","target":{"@type":"EntryPoint","urlTemplate":"https:\/\/cecotec.es\/cecorent\/?s={search_term_string}"},"query-input":{"@type":"PropertyValueSpecification","valueRequired":true,"valueName":"search_term_string"}}],"inLanguage":"es"},{"@type":"Organization","@id":"https:\/\/cecotec.es\/cecorent\/#organization","name":"CecoRent","url":"https:\/\/cecotec.es\/cecorent\/","logo":{"@type":"ImageObject","inLanguage":"es","@id":"https:\/\/cecotec.es\/cecorent\/#\/schema\/logo\/image\/","url":"https:\/\/cecotec.es\/cecorent\/wp-content\/uploads\/2022\/07\/CECORENT.png","contentUrl":"https:\/\/cecotec.es\/cecorent\/wp-content\/uploads\/2022\/07\/CECORENT.png","width":184,"height":24,"caption":"CecoRent"},"image":{"@id":"https:\/\/cecotec.es\/cecorent\/#\/schema\/logo\/image\/"}}]}},"_links":{"self":[{"href":"https:\/\/cecotec.es\/cecorent\/wp-json\/wp\/v2\/product\/18915"}],"collection":[{"href":"https:\/\/cecotec.es\/cecorent\/wp-json\/wp\/v2\/product"}],"about":[{"href":"https:\/\/cecotec.es\/cecorent\/wp-json\/wp\/v2\/types\/product"}],"wp:featuredmedia":[{"embeddable":true,"href":"https:\/\/cecotec.es\/cecorent\/wp-json\/wp\/v2\/media\/18916"}],"wp:attachment":[{"href":"https:\/\/cecotec.es\/cecorent\/wp-json\/wp\/v2\/media?parent=18915"}],"wp:term":[{"taxonomy":"product_brand","embeddable":true,"href":"https:\/\/cecotec.es\/cecorent\/wp-json\/wp\/v2\/product_brand?post=18915"},{"taxonomy":"product_cat","embeddable":true,"href":"https:\/\/cecotec.es\/cecorent\/wp-json\/wp\/v2\/product_cat?post=18915"},{"taxonomy":"product_tag","embeddable":true,"href":"https:\/\/cecotec.es\/cecorent\/wp-json\/wp\/v2\/product_tag?post=18915"}],"curies":[{"name":"wp","href":"https:\/\/api.w.org\/{rel}","templated":true}]}}