{"id":16053,"date":"2023-01-13T13:58:13","date_gmt":"2023-01-13T12:58:13","guid":{"rendered":"https:\/\/cecotec.newe.es\/?post_type=product&#038;p=16053"},"modified":"2024-08-20T17:54:45","modified_gmt":"2024-08-20T16:54:45","slug":"drumfit-rower-7000-regatta","status":"publish","type":"product","link":"https:\/\/cecotec.es\/cecorent\/drumfit-rower-7000-regatta\/","title":{"rendered":"DrumFit Rower 7000 Regatta"},"content":{"rendered":"<p>M\u00e1quina de remo con sistema de resistencia magn\u00e9tica y diferentes niveles de intensidad, volante de inercia de 7 Kg y deslizamiento silencioso, suave y fluido. Posee display LCD que mide: tiempo, cadencia de golpes, cadencia por minuto, calor\u00edas y SCAN. Estructura completamente plegable de forma vertical. Posee reposapi\u00e9s con correas ajustables y ruedas de transporte<\/p>\n<ul>\n<li>MagnetSystem: sistema de resistencia magn\u00e9tica mediante imanes que proporcionan una sensaci\u00f3n de remada fluida y natural, minimizando el mantenimiento.<\/li>\n<li>Silence Fit: proporciona una remada silenciosa que no perturbe la paz de tu hogar.<\/li>\n<li>Volante de inercia de 7 kg. Ofrece una intensidad de entrenamiento adaptada a todo tipo de personas con diferentes niveles de exigencia.<\/li>\n<li>10 niveles de resistencia, para que elijas el nivel de exigencia que deseas.<\/li>\n<li>Longitud de ra\u00edl: 122 cm con altura recomendada de 1,90m.<\/li>\n<li>Pantalla LCD que muestra: tiempo, distancia, cadencia de golpes, calor\u00edas y Scan.<\/li>\n<li>Folding System: estructura compacta y plegable.<\/li>\n<li>Peso m\u00e1ximo de usuario: hasta 100 Kg.<\/li>\n<li>Pedales con correas para mayor sujeci\u00f3n y seguridad.<\/li>\n<li>F\u00e1cil desplazamiento gracias a sus ruedas de transporte.<\/li>\n<li>ComfortFit: asiento ergon\u00f3mico y agarres con acolchado para hacer tu entrenamiento m\u00e1s c\u00f3modo.<\/li>\n<\/ul>\n","protected":false},"excerpt":{"rendered":"<p><span data-sheets-value=\"{&quot;1&quot;:2,&quot;2&quot;:&quot;M\u00e1quina de remo DrumFit Rower 7000 Regatta.nMonitor LCD.nHerramientas.nManual.n2 pilas AA&quot;}\" data-sheets-userformat=\"{&quot;2&quot;:13119,&quot;3&quot;:{&quot;1&quot;:0},&quot;4&quot;:{&quot;1&quot;:2,&quot;2&quot;:16777215},&quot;5&quot;:{&quot;1&quot;:[{&quot;1&quot;:2,&quot;2&quot;:0,&quot;5&quot;:{&quot;1&quot;:2,&quot;2&quot;:0}},{&quot;1&quot;:0,&quot;2&quot;:0,&quot;3&quot;:3},{&quot;1&quot;:1,&quot;2&quot;:0,&quot;4&quot;:1}]},&quot;6&quot;:{&quot;1&quot;:[{&quot;1&quot;:2,&quot;2&quot;:0,&quot;5&quot;:{&quot;1&quot;:2,&quot;2&quot;:0}},{&quot;1&quot;:0,&quot;2&quot;:0,&quot;3&quot;:3},{&quot;1&quot;:1,&quot;2&quot;:0,&quot;4&quot;:1}]},&quot;7&quot;:{&quot;1&quot;:[{&quot;1&quot;:2,&quot;2&quot;:0,&quot;5&quot;:{&quot;1&quot;:2,&quot;2&quot;:0}},{&quot;1&quot;:0,&quot;2&quot;:0,&quot;3&quot;:3},{&quot;1&quot;:1,&quot;2&quot;:0,&quot;4&quot;:1}]},&quot;8&quot;:{&quot;1&quot;:[{&quot;1&quot;:2,&quot;2&quot;:0,&quot;5&quot;:{&quot;1&quot;:2,&quot;2&quot;:0}},{&quot;1&quot;:0,&quot;2&quot;:0,&quot;3&quot;:3},{&quot;1&quot;:1,&quot;2&quot;:0,&quot;4&quot;:1}]},&quot;11&quot;:3,&quot;12&quot;:0,&quot;15&quot;:&quot;Calibri&quot;,&quot;16&quot;:9}\">M\u00e1quina de remo DrumFit Rower 7000 Regatta.<br \/>\nMonitor LCD.<br \/>\nHerramientas.<br \/>\nManual.<br \/>\n2 pilas AA<\/span><\/p>\n","protected":false},"featured_media":16054,"template":"","meta":{"content-type":""},"product_brand":[],"product_cat":[170],"product_tag":[],"class_list":{"0":"post-16053","1":"product","2":"type-product","3":"status-publish","4":"has-post-thumbnail","6":"product_cat-maquina-de-remo","8":"first","9":"outofstock","10":"shipping-taxable","11":"product-type-variable"},"acf":[],"yoast_head":"<!-- This site is optimized with the Yoast SEO plugin v23.4 - https:\/\/yoast.com\/wordpress\/plugins\/seo\/ -->\n<title>Alquiler de DrumFit Rower 7000 Regatta | CecoRent by Cecotec<\/title>\n<meta name=\"description\" content=\"Disponible el alquiler de DrumFit Rower 7000 Regatta de Cecotec. Alquiler y suscripci\u00f3n con env\u00edo gratuito para toda la Pen\u00ednsula. \u00a1Mejora tu vida con Cecorent hoy!\" \/>\n<meta name=\"robots\" content=\"index, follow, max-snippet:-1, max-image-preview:large, max-video-preview:-1\" \/>\n<link rel=\"canonical\" href=\"https:\/\/cecorent.cecotec.es\/cecorent\/drumfit-rower-7000-regatta\/\" \/>\n<meta property=\"og:locale\" content=\"es_ES\" \/>\n<meta property=\"og:type\" content=\"article\" \/>\n<meta property=\"og:title\" content=\"Alquiler de DrumFit Rower 7000 Regatta | CecoRent by Cecotec\" \/>\n<meta property=\"og:description\" content=\"Disponible el alquiler de DrumFit Rower 7000 Regatta de Cecotec. Alquiler y suscripci\u00f3n con env\u00edo gratuito para toda la Pen\u00ednsula. \u00a1Mejora tu vida con Cecorent hoy!\" \/>\n<meta property=\"og:url\" content=\"https:\/\/cecorent.cecotec.es\/cecorent\/drumfit-rower-7000-regatta\/\" \/>\n<meta property=\"og:site_name\" content=\"CecoRent\" \/>\n<meta property=\"article:modified_time\" content=\"2024-08-20T16:54:45+00:00\" \/>\n<meta property=\"og:image\" content=\"https:\/\/cecorent.cecotec.es\/cecorent\/wp-content\/uploads\/2023\/01\/drumfit-rower-7000-regatta_1.png\" \/>\n\t<meta property=\"og:image:width\" content=\"2048\" \/>\n\t<meta property=\"og:image:height\" content=\"2048\" \/>\n\t<meta property=\"og:image:type\" content=\"image\/png\" \/>\n<meta name=\"twitter:card\" content=\"summary_large_image\" \/>\n<meta name=\"twitter:label1\" content=\"Tiempo de lectura\" \/>\n\t<meta name=\"twitter:data1\" content=\"1 minuto\" \/>\n<script type=\"application\/ld+json\" class=\"yoast-schema-graph\">{\"@context\":\"https:\/\/schema.org\",\"@graph\":[{\"@type\":\"WebPage\",\"@id\":\"https:\/\/cecorent.cecotec.es\/cecorent\/drumfit-rower-7000-regatta\/\",\"url\":\"https:\/\/cecorent.cecotec.es\/cecorent\/drumfit-rower-7000-regatta\/\",\"name\":\"Alquiler de DrumFit Rower 7000 Regatta | CecoRent by Cecotec\",\"isPartOf\":{\"@id\":\"https:\/\/cecotec.es\/cecorent\/#website\"},\"primaryImageOfPage\":{\"@id\":\"https:\/\/cecorent.cecotec.es\/cecorent\/drumfit-rower-7000-regatta\/#primaryimage\"},\"image\":{\"@id\":\"https:\/\/cecorent.cecotec.es\/cecorent\/drumfit-rower-7000-regatta\/#primaryimage\"},\"thumbnailUrl\":\"https:\/\/cecotec.es\/cecorent\/wp-content\/uploads\/2023\/01\/drumfit-rower-7000-regatta_1.png\",\"datePublished\":\"2023-01-13T12:58:13+00:00\",\"dateModified\":\"2024-08-20T16:54:45+00:00\",\"description\":\"Disponible el alquiler de DrumFit Rower 7000 Regatta de Cecotec. Alquiler y suscripci\u00f3n con env\u00edo gratuito para toda la Pen\u00ednsula. \u00a1Mejora tu vida con Cecorent hoy!\",\"breadcrumb\":{\"@id\":\"https:\/\/cecorent.cecotec.es\/cecorent\/drumfit-rower-7000-regatta\/#breadcrumb\"},\"inLanguage\":\"es\",\"potentialAction\":[{\"@type\":\"ReadAction\",\"target\":[\"https:\/\/cecorent.cecotec.es\/cecorent\/drumfit-rower-7000-regatta\/\"]}]},{\"@type\":\"ImageObject\",\"inLanguage\":\"es\",\"@id\":\"https:\/\/cecorent.cecotec.es\/cecorent\/drumfit-rower-7000-regatta\/#primaryimage\",\"url\":\"https:\/\/cecotec.es\/cecorent\/wp-content\/uploads\/2023\/01\/drumfit-rower-7000-regatta_1.png\",\"contentUrl\":\"https:\/\/cecotec.es\/cecorent\/wp-content\/uploads\/2023\/01\/drumfit-rower-7000-regatta_1.png\",\"width\":2048,\"height\":2048},{\"@type\":\"BreadcrumbList\",\"@id\":\"https:\/\/cecorent.cecotec.es\/cecorent\/drumfit-rower-7000-regatta\/#breadcrumb\",\"itemListElement\":[{\"@type\":\"ListItem\",\"position\":1,\"name\":\"Inicio\",\"item\":\"https:\/\/cecotec.es\/cecorent\/\"},{\"@type\":\"ListItem\",\"position\":2,\"name\":\"Tienda\",\"item\":\"https:\/\/cecotec.es\/cecorent\/tienda\/\"},{\"@type\":\"ListItem\",\"position\":3,\"name\":\"Suscripci\u00f3n\",\"item\":\"https:\/\/cecotec.es\/cecorent\/suscripcion\/\"},{\"@type\":\"ListItem\",\"position\":4,\"name\":\"Fitness\",\"item\":\"https:\/\/cecotec.es\/cecorent\/fitness\/\"},{\"@type\":\"ListItem\",\"position\":5,\"name\":\"M\u00e1quina de remo\",\"item\":\"https:\/\/cecorent.cecotec.es\/cecorent\/maquina-de-remo\/\"},{\"@type\":\"ListItem\",\"position\":6,\"name\":\"DrumFit Rower 7000 Regatta\"}]},{\"@type\":\"WebSite\",\"@id\":\"https:\/\/cecotec.es\/cecorent\/#website\",\"url\":\"https:\/\/cecotec.es\/cecorent\/\",\"name\":\"CecoRent\",\"description\":\"CecoRent\",\"publisher\":{\"@id\":\"https:\/\/cecotec.es\/cecorent\/#organization\"},\"potentialAction\":[{\"@type\":\"SearchAction\",\"target\":{\"@type\":\"EntryPoint\",\"urlTemplate\":\"https:\/\/cecotec.es\/cecorent\/?s={search_term_string}\"},\"query-input\":{\"@type\":\"PropertyValueSpecification\",\"valueRequired\":true,\"valueName\":\"search_term_string\"}}],\"inLanguage\":\"es\"},{\"@type\":\"Organization\",\"@id\":\"https:\/\/cecotec.es\/cecorent\/#organization\",\"name\":\"CecoRent\",\"url\":\"https:\/\/cecotec.es\/cecorent\/\",\"logo\":{\"@type\":\"ImageObject\",\"inLanguage\":\"es\",\"@id\":\"https:\/\/cecotec.es\/cecorent\/#\/schema\/logo\/image\/\",\"url\":\"https:\/\/cecotec.es\/cecorent\/wp-content\/uploads\/2022\/07\/CECORENT.png\",\"contentUrl\":\"https:\/\/cecotec.es\/cecorent\/wp-content\/uploads\/2022\/07\/CECORENT.png\",\"width\":184,\"height\":24,\"caption\":\"CecoRent\"},\"image\":{\"@id\":\"https:\/\/cecotec.es\/cecorent\/#\/schema\/logo\/image\/\"}}]}<\/script>\n<!-- \/ Yoast SEO plugin. -->","yoast_head_json":{"title":"Alquiler de DrumFit Rower 7000 Regatta | CecoRent by Cecotec","description":"Disponible el alquiler de DrumFit Rower 7000 Regatta de Cecotec. Alquiler y suscripci\u00f3n con env\u00edo gratuito para toda la Pen\u00ednsula. \u00a1Mejora tu vida con Cecorent hoy!","robots":{"index":"index","follow":"follow","max-snippet":"max-snippet:-1","max-image-preview":"max-image-preview:large","max-video-preview":"max-video-preview:-1"},"canonical":"https:\/\/cecorent.cecotec.es\/cecorent\/drumfit-rower-7000-regatta\/","og_locale":"es_ES","og_type":"article","og_title":"Alquiler de DrumFit Rower 7000 Regatta | CecoRent by Cecotec","og_description":"Disponible el alquiler de DrumFit Rower 7000 Regatta de Cecotec. Alquiler y suscripci\u00f3n con env\u00edo gratuito para toda la Pen\u00ednsula. \u00a1Mejora tu vida con Cecorent hoy!","og_url":"https:\/\/cecorent.cecotec.es\/cecorent\/drumfit-rower-7000-regatta\/","og_site_name":"CecoRent","article_modified_time":"2024-08-20T16:54:45+00:00","og_image":[{"width":2048,"height":2048,"url":"https:\/\/cecorent.cecotec.es\/cecorent\/wp-content\/uploads\/2023\/01\/drumfit-rower-7000-regatta_1.png","type":"image\/png"}],"twitter_card":"summary_large_image","twitter_misc":{"Tiempo de lectura":"1 minuto"},"schema":{"@context":"https:\/\/schema.org","@graph":[{"@type":"WebPage","@id":"https:\/\/cecorent.cecotec.es\/cecorent\/drumfit-rower-7000-regatta\/","url":"https:\/\/cecorent.cecotec.es\/cecorent\/drumfit-rower-7000-regatta\/","name":"Alquiler de DrumFit Rower 7000 Regatta | CecoRent by Cecotec","isPartOf":{"@id":"https:\/\/cecotec.es\/cecorent\/#website"},"primaryImageOfPage":{"@id":"https:\/\/cecorent.cecotec.es\/cecorent\/drumfit-rower-7000-regatta\/#primaryimage"},"image":{"@id":"https:\/\/cecorent.cecotec.es\/cecorent\/drumfit-rower-7000-regatta\/#primaryimage"},"thumbnailUrl":"https:\/\/cecotec.es\/cecorent\/wp-content\/uploads\/2023\/01\/drumfit-rower-7000-regatta_1.png","datePublished":"2023-01-13T12:58:13+00:00","dateModified":"2024-08-20T16:54:45+00:00","description":"Disponible el alquiler de DrumFit Rower 7000 Regatta de Cecotec. Alquiler y suscripci\u00f3n con env\u00edo gratuito para toda la Pen\u00ednsula. \u00a1Mejora tu vida con Cecorent hoy!","breadcrumb":{"@id":"https:\/\/cecorent.cecotec.es\/cecorent\/drumfit-rower-7000-regatta\/#breadcrumb"},"inLanguage":"es","potentialAction":[{"@type":"ReadAction","target":["https:\/\/cecorent.cecotec.es\/cecorent\/drumfit-rower-7000-regatta\/"]}]},{"@type":"ImageObject","inLanguage":"es","@id":"https:\/\/cecorent.cecotec.es\/cecorent\/drumfit-rower-7000-regatta\/#primaryimage","url":"https:\/\/cecotec.es\/cecorent\/wp-content\/uploads\/2023\/01\/drumfit-rower-7000-regatta_1.png","contentUrl":"https:\/\/cecotec.es\/cecorent\/wp-content\/uploads\/2023\/01\/drumfit-rower-7000-regatta_1.png","width":2048,"height":2048},{"@type":"BreadcrumbList","@id":"https:\/\/cecorent.cecotec.es\/cecorent\/drumfit-rower-7000-regatta\/#breadcrumb","itemListElement":[{"@type":"ListItem","position":1,"name":"Inicio","item":"https:\/\/cecotec.es\/cecorent\/"},{"@type":"ListItem","position":2,"name":"Tienda","item":"https:\/\/cecotec.es\/cecorent\/tienda\/"},{"@type":"ListItem","position":3,"name":"Suscripci\u00f3n","item":"https:\/\/cecotec.es\/cecorent\/suscripcion\/"},{"@type":"ListItem","position":4,"name":"Fitness","item":"https:\/\/cecotec.es\/cecorent\/fitness\/"},{"@type":"ListItem","position":5,"name":"M\u00e1quina de remo","item":"https:\/\/cecorent.cecotec.es\/cecorent\/maquina-de-remo\/"},{"@type":"ListItem","position":6,"name":"DrumFit Rower 7000 Regatta"}]},{"@type":"WebSite","@id":"https:\/\/cecotec.es\/cecorent\/#website","url":"https:\/\/cecotec.es\/cecorent\/","name":"CecoRent","description":"CecoRent","publisher":{"@id":"https:\/\/cecotec.es\/cecorent\/#organization"},"potentialAction":[{"@type":"SearchAction","target":{"@type":"EntryPoint","urlTemplate":"https:\/\/cecotec.es\/cecorent\/?s={search_term_string}"},"query-input":{"@type":"PropertyValueSpecification","valueRequired":true,"valueName":"search_term_string"}}],"inLanguage":"es"},{"@type":"Organization","@id":"https:\/\/cecotec.es\/cecorent\/#organization","name":"CecoRent","url":"https:\/\/cecotec.es\/cecorent\/","logo":{"@type":"ImageObject","inLanguage":"es","@id":"https:\/\/cecotec.es\/cecorent\/#\/schema\/logo\/image\/","url":"https:\/\/cecotec.es\/cecorent\/wp-content\/uploads\/2022\/07\/CECORENT.png","contentUrl":"https:\/\/cecotec.es\/cecorent\/wp-content\/uploads\/2022\/07\/CECORENT.png","width":184,"height":24,"caption":"CecoRent"},"image":{"@id":"https:\/\/cecotec.es\/cecorent\/#\/schema\/logo\/image\/"}}]}},"_links":{"self":[{"href":"https:\/\/cecotec.es\/cecorent\/wp-json\/wp\/v2\/product\/16053"}],"collection":[{"href":"https:\/\/cecotec.es\/cecorent\/wp-json\/wp\/v2\/product"}],"about":[{"href":"https:\/\/cecotec.es\/cecorent\/wp-json\/wp\/v2\/types\/product"}],"wp:featuredmedia":[{"embeddable":true,"href":"https:\/\/cecotec.es\/cecorent\/wp-json\/wp\/v2\/media\/16054"}],"wp:attachment":[{"href":"https:\/\/cecotec.es\/cecorent\/wp-json\/wp\/v2\/media?parent=16053"}],"wp:term":[{"taxonomy":"product_brand","embeddable":true,"href":"https:\/\/cecotec.es\/cecorent\/wp-json\/wp\/v2\/product_brand?post=16053"},{"taxonomy":"product_cat","embeddable":true,"href":"https:\/\/cecotec.es\/cecorent\/wp-json\/wp\/v2\/product_cat?post=16053"},{"taxonomy":"product_tag","embeddable":true,"href":"https:\/\/cecotec.es\/cecorent\/wp-json\/wp\/v2\/product_tag?post=16053"}],"curies":[{"name":"wp","href":"https:\/\/api.w.org\/{rel}","templated":true}]}}