{"id":49,"date":"2022-06-01T11:22:44","date_gmt":"2022-06-01T11:22:44","guid":{"rendered":"http:\/\/35.180.172.223\/?page_id=49"},"modified":"2025-09-01T16:56:03","modified_gmt":"2025-09-01T14:56:03","slug":"home","status":"publish","type":"page","link":"https:\/\/cecotec.es\/cecorent\/","title":{"rendered":"Home"},"content":{"rendered":"\t\t<div data-elementor-type=\"wp-page\" data-elementor-id=\"49\" class=\"elementor elementor-49\" data-elementor-post-type=\"page\">\n\t\t\t\t\t\t<section data-dce-background-color=\"#E8FCFC\" class=\"elementor-section elementor-top-section elementor-element elementor-element-d55c76b elementor-section-height-min-height elementor-section-boxed elementor-section-height-default elementor-section-items-middle\" data-id=\"d55c76b\" data-element_type=\"section\" data-settings=\"{&quot;background_background&quot;:&quot;gradient&quot;}\">\n\t\t\t\t\t\t<div class=\"elementor-container elementor-column-gap-default\">\n\t\t\t\t\t<div class=\"elementor-column elementor-col-100 elementor-top-column elementor-element elementor-element-0b371ef\" data-id=\"0b371ef\" data-element_type=\"column\" data-settings=\"{&quot;background_background&quot;:&quot;classic&quot;}\">\n\t\t\t<div class=\"elementor-widget-wrap elementor-element-populated\">\n\t\t\t\t\t\t<div class=\"elementor-element elementor-element-ee082d7 elementor-widget elementor-widget-heading\" data-id=\"ee082d7\" data-element_type=\"widget\" data-widget_type=\"heading.default\">\n\t\t\t\t<div class=\"elementor-widget-container\">\n\t\t\t<h5 class=\"elementor-heading-title elementor-size-default\"><i style=\"color: rgb(34, 34, 34); font-family: Arial, Helvetica, sans-serif; font-size: small; text-align: start; white-space-collapse: collapse;font-size:30em\">Actualmente el servicio Cecorent ya no est\u00e1 disponible.&nbsp;<\/i><br><i style=\"color: rgb(34, 34, 34); font-family: Arial, Helvetica, sans-serif; font-size: small; text-align: start; white-space-collapse: collapse;font-size:30em\">Agradecemos mucho tu comprensi\u00f3n y el tiempo que has confiado en nosotros.<\/i><span style=\"background-color: transparent; font-family: inherit; font-size: 2rem;\"><\/span><\/h5>\t\t<\/div>\n\t\t\t\t<\/div>\n\t\t\t\t\t<\/div>\n\t\t<\/div>\n\t\t\t\t\t<\/div>\n\t\t<\/section>\n\t\t\t\t<\/div>\n\t\t","protected":false},"excerpt":{"rendered":"<p>Actualmente el servicio Cecorent ya no est\u00e1 disponible.&nbsp;Agradecemos mucho tu comprensi\u00f3n y el tiempo que has confiado en nosotros.<\/p>\n","protected":false},"author":3,"featured_media":0,"parent":0,"menu_order":0,"comment_status":"closed","ping_status":"closed","template":"elementor_header_footer","meta":{"content-type":"","footnotes":""},"class_list":["post-49","page","type-page","status-publish","hentry"],"acf":[],"yoast_head":"<!-- This site is optimized with the Yoast SEO plugin v23.4 - https:\/\/yoast.com\/wordpress\/plugins\/seo\/ -->\n<title>Cecorent | Alquiler y Suscripci\u00f3n de Productos Cecotec<\/title>\n<meta name=\"description\" content=\"Bienvenido a Cecorent, tu soluci\u00f3n integral para el alquiler y suscripci\u00f3n de productos Cecotec. Descubre nuestras opciones en aspiraci\u00f3n, movilidad, televisores, calefacci\u00f3n, electrodom\u00e9sticos y fitness. \u00a1Env\u00edo gratis para toda la Pen\u00ednsula!\" \/>\n<meta name=\"robots\" content=\"index, follow, max-snippet:-1, max-image-preview:large, max-video-preview:-1\" \/>\n<link rel=\"canonical\" href=\"https:\/\/cecotec.es\/cecorent\/\" \/>\n<meta property=\"og:locale\" content=\"es_ES\" \/>\n<meta property=\"og:type\" content=\"article\" \/>\n<meta property=\"og:title\" content=\"Cecorent | Alquiler y Suscripci\u00f3n de Productos Cecotec\" \/>\n<meta property=\"og:description\" content=\"Bienvenido a Cecorent, tu soluci\u00f3n integral para el alquiler y suscripci\u00f3n de productos Cecotec. Descubre nuestras opciones en aspiraci\u00f3n, movilidad, televisores, calefacci\u00f3n, electrodom\u00e9sticos y fitness. \u00a1Env\u00edo gratis para toda la Pen\u00ednsula!\" \/>\n<meta property=\"og:url\" content=\"https:\/\/cecotec.es\/cecorent\/\" \/>\n<meta property=\"og:site_name\" content=\"CecoRent\" \/>\n<meta property=\"article:modified_time\" content=\"2025-09-01T14:56:03+00:00\" \/>\n<meta name=\"twitter:card\" content=\"summary_large_image\" \/>\n<meta name=\"twitter:label1\" content=\"Tiempo de lectura\" \/>\n\t<meta name=\"twitter:data1\" content=\"1 minuto\" \/>\n<script type=\"application\/ld+json\" class=\"yoast-schema-graph\">{\"@context\":\"https:\/\/schema.org\",\"@graph\":[{\"@type\":\"WebPage\",\"@id\":\"https:\/\/cecotec.es\/cecorent\/\",\"url\":\"https:\/\/cecotec.es\/cecorent\/\",\"name\":\"Cecorent | Alquiler y Suscripci\u00f3n de Productos Cecotec\",\"isPartOf\":{\"@id\":\"https:\/\/cecotec.es\/cecorent\/#website\"},\"datePublished\":\"2022-06-01T11:22:44+00:00\",\"dateModified\":\"2025-09-01T14:56:03+00:00\",\"description\":\"Bienvenido a Cecorent, tu soluci\u00f3n integral para el alquiler y suscripci\u00f3n de productos Cecotec. Descubre nuestras opciones en aspiraci\u00f3n, movilidad, televisores, calefacci\u00f3n, electrodom\u00e9sticos y fitness. \u00a1Env\u00edo gratis para toda la Pen\u00ednsula!\",\"breadcrumb\":{\"@id\":\"https:\/\/cecotec.es\/cecorent\/#breadcrumb\"},\"inLanguage\":\"es\",\"potentialAction\":[{\"@type\":\"ReadAction\",\"target\":[\"https:\/\/cecotec.es\/cecorent\/\"]}]},{\"@type\":\"BreadcrumbList\",\"@id\":\"https:\/\/cecotec.es\/cecorent\/#breadcrumb\",\"itemListElement\":[{\"@type\":\"ListItem\",\"position\":1,\"name\":\"Inicio\",\"item\":\"https:\/\/cecotec.es\/cecorent\/\"},{\"@type\":\"ListItem\",\"position\":2,\"name\":\"Home\"}]},{\"@type\":\"WebSite\",\"@id\":\"https:\/\/cecotec.es\/cecorent\/#website\",\"url\":\"https:\/\/cecotec.es\/cecorent\/\",\"name\":\"CecoRent\",\"description\":\"CecoRent\",\"publisher\":{\"@id\":\"https:\/\/cecotec.es\/cecorent\/#organization\"},\"potentialAction\":[{\"@type\":\"SearchAction\",\"target\":{\"@type\":\"EntryPoint\",\"urlTemplate\":\"https:\/\/cecotec.es\/cecorent\/?s={search_term_string}\"},\"query-input\":{\"@type\":\"PropertyValueSpecification\",\"valueRequired\":true,\"valueName\":\"search_term_string\"}}],\"inLanguage\":\"es\"},{\"@type\":\"Organization\",\"@id\":\"https:\/\/cecotec.es\/cecorent\/#organization\",\"name\":\"CecoRent\",\"url\":\"https:\/\/cecotec.es\/cecorent\/\",\"logo\":{\"@type\":\"ImageObject\",\"inLanguage\":\"es\",\"@id\":\"https:\/\/cecotec.es\/cecorent\/#\/schema\/logo\/image\/\",\"url\":\"https:\/\/cecotec.es\/cecorent\/wp-content\/uploads\/2022\/07\/CECORENT.png\",\"contentUrl\":\"https:\/\/cecotec.es\/cecorent\/wp-content\/uploads\/2022\/07\/CECORENT.png\",\"width\":184,\"height\":24,\"caption\":\"CecoRent\"},\"image\":{\"@id\":\"https:\/\/cecotec.es\/cecorent\/#\/schema\/logo\/image\/\"}}]}<\/script>\n<!-- \/ Yoast SEO plugin. -->","yoast_head_json":{"title":"Cecorent | Alquiler y Suscripci\u00f3n de Productos Cecotec","description":"Bienvenido a Cecorent, tu soluci\u00f3n integral para el alquiler y suscripci\u00f3n de productos Cecotec. Descubre nuestras opciones en aspiraci\u00f3n, movilidad, televisores, calefacci\u00f3n, electrodom\u00e9sticos y fitness. \u00a1Env\u00edo gratis para toda la Pen\u00ednsula!","robots":{"index":"index","follow":"follow","max-snippet":"max-snippet:-1","max-image-preview":"max-image-preview:large","max-video-preview":"max-video-preview:-1"},"canonical":"https:\/\/cecotec.es\/cecorent\/","og_locale":"es_ES","og_type":"article","og_title":"Cecorent | Alquiler y Suscripci\u00f3n de Productos Cecotec","og_description":"Bienvenido a Cecorent, tu soluci\u00f3n integral para el alquiler y suscripci\u00f3n de productos Cecotec. Descubre nuestras opciones en aspiraci\u00f3n, movilidad, televisores, calefacci\u00f3n, electrodom\u00e9sticos y fitness. \u00a1Env\u00edo gratis para toda la Pen\u00ednsula!","og_url":"https:\/\/cecotec.es\/cecorent\/","og_site_name":"CecoRent","article_modified_time":"2025-09-01T14:56:03+00:00","twitter_card":"summary_large_image","twitter_misc":{"Tiempo de lectura":"1 minuto"},"schema":{"@context":"https:\/\/schema.org","@graph":[{"@type":"WebPage","@id":"https:\/\/cecotec.es\/cecorent\/","url":"https:\/\/cecotec.es\/cecorent\/","name":"Cecorent | Alquiler y Suscripci\u00f3n de Productos Cecotec","isPartOf":{"@id":"https:\/\/cecotec.es\/cecorent\/#website"},"datePublished":"2022-06-01T11:22:44+00:00","dateModified":"2025-09-01T14:56:03+00:00","description":"Bienvenido a Cecorent, tu soluci\u00f3n integral para el alquiler y suscripci\u00f3n de productos Cecotec. Descubre nuestras opciones en aspiraci\u00f3n, movilidad, televisores, calefacci\u00f3n, electrodom\u00e9sticos y fitness. \u00a1Env\u00edo gratis para toda la Pen\u00ednsula!","breadcrumb":{"@id":"https:\/\/cecotec.es\/cecorent\/#breadcrumb"},"inLanguage":"es","potentialAction":[{"@type":"ReadAction","target":["https:\/\/cecotec.es\/cecorent\/"]}]},{"@type":"BreadcrumbList","@id":"https:\/\/cecotec.es\/cecorent\/#breadcrumb","itemListElement":[{"@type":"ListItem","position":1,"name":"Inicio","item":"https:\/\/cecotec.es\/cecorent\/"},{"@type":"ListItem","position":2,"name":"Home"}]},{"@type":"WebSite","@id":"https:\/\/cecotec.es\/cecorent\/#website","url":"https:\/\/cecotec.es\/cecorent\/","name":"CecoRent","description":"CecoRent","publisher":{"@id":"https:\/\/cecotec.es\/cecorent\/#organization"},"potentialAction":[{"@type":"SearchAction","target":{"@type":"EntryPoint","urlTemplate":"https:\/\/cecotec.es\/cecorent\/?s={search_term_string}"},"query-input":{"@type":"PropertyValueSpecification","valueRequired":true,"valueName":"search_term_string"}}],"inLanguage":"es"},{"@type":"Organization","@id":"https:\/\/cecotec.es\/cecorent\/#organization","name":"CecoRent","url":"https:\/\/cecotec.es\/cecorent\/","logo":{"@type":"ImageObject","inLanguage":"es","@id":"https:\/\/cecotec.es\/cecorent\/#\/schema\/logo\/image\/","url":"https:\/\/cecotec.es\/cecorent\/wp-content\/uploads\/2022\/07\/CECORENT.png","contentUrl":"https:\/\/cecotec.es\/cecorent\/wp-content\/uploads\/2022\/07\/CECORENT.png","width":184,"height":24,"caption":"CecoRent"},"image":{"@id":"https:\/\/cecotec.es\/cecorent\/#\/schema\/logo\/image\/"}}]}},"_links":{"self":[{"href":"https:\/\/cecotec.es\/cecorent\/wp-json\/wp\/v2\/pages\/49"}],"collection":[{"href":"https:\/\/cecotec.es\/cecorent\/wp-json\/wp\/v2\/pages"}],"about":[{"href":"https:\/\/cecotec.es\/cecorent\/wp-json\/wp\/v2\/types\/page"}],"author":[{"embeddable":true,"href":"https:\/\/cecotec.es\/cecorent\/wp-json\/wp\/v2\/users\/3"}],"replies":[{"embeddable":true,"href":"https:\/\/cecotec.es\/cecorent\/wp-json\/wp\/v2\/comments?post=49"}],"version-history":[{"count":70,"href":"https:\/\/cecotec.es\/cecorent\/wp-json\/wp\/v2\/pages\/49\/revisions"}],"predecessor-version":[{"id":20792,"href":"https:\/\/cecotec.es\/cecorent\/wp-json\/wp\/v2\/pages\/49\/revisions\/20792"}],"wp:attachment":[{"href":"https:\/\/cecotec.es\/cecorent\/wp-json\/wp\/v2\/media?parent=49"}],"curies":[{"name":"wp","href":"https:\/\/api.w.org\/{rel}","templated":true}]}}